{"id":256,"date":"2022-03-22T19:13:44","date_gmt":"2022-03-22T17:13:44","guid":{"rendered":"https:\/\/finslot.net\/arkisto\/?page_id=256"},"modified":"2022-03-24T18:38:30","modified_gmt":"2022-03-24T16:38:30","slug":"mallix","status":"publish","type":"page","link":"https:\/\/finslot.net\/arkisto\/mallix\/","title":{"rendered":"Mallix"},"content":{"rendered":"<p><span style=\"color: #0000ff;\"><a style=\"color: #0000ff;\" href=\"https:\/\/finslot.net\/arkisto\/wp-content\/uploads\/2022\/03\/Mallix_1-2007.pdf\">Mallix_1-2007<\/a> <\/span><\/p>\n<ul>\n<li><span style=\"color: #000000;\">Ura-autoilua kerhoradalla, Ilkka Mannio<\/span>\n<ul>\n<li><span style=\"color: #000000;\">Vantaan Kaivoksela -Speedy Raceway, Jarkko Leskinen<\/span><\/li>\n<\/ul>\n<\/li>\n<\/ul>\n<p><span style=\"color: #0000ff;\"><a style=\"color: #0000ff;\" href=\"https:\/\/finslot.net\/arkisto\/wp-content\/uploads\/2022\/03\/Mallix_2-2007.pdf\">Mallix_2-2007<\/a><\/span><\/p>\n<ul>\n<li><span style=\"color: #000000;\">Slotracingin salaisuudet Osa.2, Ilkka Mannio<\/span>\n<ul>\n<li><span style=\"color: #000000;\">Hyvink\u00e4\u00e4n SRC, Hannu Nurminen, Vilho Viitala, Matti Fyhr, Kimmo Rautama<\/span><\/li>\n<\/ul>\n<\/li>\n<\/ul>\n<p><span style=\"color: #0000ff;\"><a style=\"color: #0000ff;\" href=\"https:\/\/finslot.net\/arkisto\/wp-content\/uploads\/2022\/03\/Mallix_3-2007.pdf\">Mallix_3-2007<\/a><\/span><\/p>\n<ul>\n<li><span style=\"color: #000000;\">Skaalanopeus &#8211; Mit\u00e4 se on ?, Ilkka Mannio<\/span><\/li>\n<\/ul>\n<p><span style=\"color: #0000ff;\"><a style=\"color: #0000ff;\" href=\"https:\/\/finslot.net\/arkisto\/wp-content\/uploads\/2022\/03\/Mallix_6-2007.pdf\">Mallix_6-2007<\/a><\/span><\/p>\n<ul>\n<li><span style=\"color: #000000;\">Pelkk\u00e4\u00e4 suoraa &#8211; Eli kiihdytysautoilua 1\/24 mittakaavassa, Ilkka Mannio<\/span>\n<ul>\n<li><span style=\"color: #000000;\">FHRA<\/span><\/li>\n<\/ul>\n<\/li>\n<\/ul>\n<p><span style=\"color: #0000ff;\"><a style=\"color: #0000ff;\" href=\"https:\/\/finslot.net\/arkisto\/wp-content\/uploads\/2022\/03\/Mallix_1-2008.pdf\">Mallix_1-2008<\/a><\/span><\/p>\n<ul>\n<li><span style=\"color: #000000;\">SlotRacing &#8211; Wing-Cars, Ilkka Mannio<\/span>\n<ul>\n<li><span style=\"color: #000000;\">Kouvolan MM 2005<\/span><\/li>\n<li><span style=\"color: #000000;\">Laihian EM 2008<\/span><\/li>\n<\/ul>\n<\/li>\n<\/ul>\n","protected":false},"excerpt":{"rendered":"<p>Mallix_1-2007 Ura-autoilua kerhoradalla, Ilkka Mannio Vantaan Kaivoksela -Speedy Raceway, Jarkko Leskinen Mallix_2-2007 Slotracingin salaisuudet Osa.2, Ilkka Mannio Hyvink\u00e4\u00e4n SRC, Hannu Nurminen, Vilho Viitala, Matti Fyhr, Kimmo Rautama Mallix_3-2007 Skaalanopeus &#8211; Mit\u00e4 se on ?, Ilkka Mannio Mallix_6-2007 Pelkk\u00e4\u00e4 suoraa &#8211; Eli kiihdytysautoilua 1\/24 mittakaavassa, Ilkka Mannio FHRA Mallix_1-2008 SlotRacing &#8211; Wing-Cars, Ilkka Mannio Kouvolan MM [&hellip;]<\/p>\n","protected":false},"author":3,"featured_media":0,"parent":0,"menu_order":0,"comment_status":"closed","ping_status":"closed","template":"","meta":{"footnotes":""},"class_list":["post-256","page","type-page","status-publish","hentry"],"_links":{"self":[{"href":"https:\/\/finslot.net\/arkisto\/wp-json\/wp\/v2\/pages\/256","targetHints":{"allow":["GET"]}}],"collection":[{"href":"https:\/\/finslot.net\/arkisto\/wp-json\/wp\/v2\/pages"}],"about":[{"href":"https:\/\/finslot.net\/arkisto\/wp-json\/wp\/v2\/types\/page"}],"author":[{"embeddable":true,"href":"https:\/\/finslot.net\/arkisto\/wp-json\/wp\/v2\/users\/3"}],"replies":[{"embeddable":true,"href":"https:\/\/finslot.net\/arkisto\/wp-json\/wp\/v2\/comments?post=256"}],"version-history":[{"count":4,"href":"https:\/\/finslot.net\/arkisto\/wp-json\/wp\/v2\/pages\/256\/revisions"}],"predecessor-version":[{"id":329,"href":"https:\/\/finslot.net\/arkisto\/wp-json\/wp\/v2\/pages\/256\/revisions\/329"}],"wp:attachment":[{"href":"https:\/\/finslot.net\/arkisto\/wp-json\/wp\/v2\/media?parent=256"}],"curies":[{"name":"wp","href":"https:\/\/api.w.org\/{rel}","templated":true}]}}