{"id":26,"date":"2022-03-19T15:57:56","date_gmt":"2022-03-19T13:57:56","guid":{"rendered":"https:\/\/finslot.net\/arkisto\/?page_id=26"},"modified":"2022-04-02T15:01:16","modified_gmt":"2022-04-02T12:01:16","slug":"kilpailutuloksia-1970-luku","status":"publish","type":"page","link":"https:\/\/finslot.net\/arkisto\/kilpailutuloksia-1970-luku\/","title":{"rendered":"KIlpailutuloksia &#8211; 1970 luku"},"content":{"rendered":"<p><span style=\"color: #000000;\"><strong>1971<\/strong><\/span><\/p>\n<p style=\"padding-left: 40px;\"><a href=\"https:\/\/finslot.net\/arkisto\/wp-content\/uploads\/2022\/04\/1971-Jyrankola_tuloksia_lokakuu.pdf\"><span style=\"color: #0000ff;\">1971-Jyr\u00e4nk\u00f6l\u00e4_tuloksia_lokakuu<\/span><\/a><\/p>\n<p style=\"padding-left: 40px;\"><span style=\"color: #0000ff;\"><a style=\"color: #0000ff;\" href=\"https:\/\/finslot.net\/arkisto\/wp-content\/uploads\/2022\/04\/1971-Nastola_tuloksia_enduro.pdf\"><span style=\"color: #0000ff;\">1971-Nastola_tuloksia_enduro<\/span><\/a><\/span><\/p>\n<p><span style=\"color: #000000;\"><strong>1972<\/strong><\/span><\/p>\n<p style=\"padding-left: 40px;\"><span style=\"color: #0000ff;\"><a style=\"color: #0000ff;\" href=\"https:\/\/finslot.net\/arkisto\/wp-content\/uploads\/2022\/04\/1972-JunnuSM-Tulokset.pdf\">1972-JunnuSM-Tulokset<\/a><\/span><\/p>\n<p><span style=\"color: #000000;\"><strong>1973<\/strong><\/span><\/p>\n<p style=\"padding-left: 40px;\"><span style=\"color: #0000ff;\"><a style=\"color: #0000ff;\" href=\"https:\/\/finslot.net\/arkisto\/wp-content\/uploads\/2022\/04\/1973-Heinola_tuloksia_SM.pdf\">1973-Heinola_tuloksia_SM<\/a><\/span><\/p>\n<p style=\"padding-left: 40px;\"><span style=\"color: #0000ff;\"><a style=\"color: #0000ff;\" href=\"https:\/\/finslot.net\/arkisto\/wp-content\/uploads\/2022\/04\/1973-Heinola_tuloksia_G20.pdf\">1973-Heinola_tuloksia_G20<\/a><\/span><\/p>\n<p><span style=\"color: #000000;\"><strong>1974<\/strong><\/span><\/p>\n<p style=\"padding-left: 40px;\"><span style=\"color: #0000ff;\"><a style=\"color: #0000ff;\" href=\"https:\/\/finslot.net\/arkisto\/wp-content\/uploads\/2022\/04\/1974-AvoimenGTSM-sarjan_lopputulokset.pdf\">1974-AvoimenGTSM-sarjan_lopputulokset<\/a><\/span><\/p>\n<p style=\"padding-left: 40px;\"><span style=\"color: #0000ff;\"><a style=\"color: #0000ff;\" href=\"https:\/\/finslot.net\/arkisto\/wp-content\/uploads\/2022\/04\/1974-Heinola_tuloksia_G20.pdf\">1974-Heinola_tuloksia_G20<\/a><\/span><\/p>\n<p style=\"padding-left: 40px;\"><span style=\"color: #0000ff;\"><a style=\"color: #0000ff;\" href=\"https:\/\/finslot.net\/arkisto\/wp-content\/uploads\/2022\/04\/1974_Hesan-avoimenkisan_lopputulokset-08121974.pdf\">1974_Hesan-avoimenkisan_lopputulokset-08121974<\/a><\/span><\/p>\n<p style=\"padding-left: 40px;\"><span style=\"color: #0000ff;\"><a style=\"color: #0000ff;\" href=\"https:\/\/finslot.net\/arkisto\/wp-content\/uploads\/2022\/04\/1974-Kuopio_tuloksia_JunSM.pdf\">1974-Kuopio_tuloksia_JunSM<\/a><\/span><\/p>\n<p style=\"padding-left: 40px;\"><span style=\"color: #0000ff;\"><a style=\"color: #0000ff;\" href=\"https:\/\/finslot.net\/arkisto\/wp-content\/uploads\/2022\/04\/1974-Heinola_tuloksia_JVmaraton.pdf\">1974-Heinola_tuloksia_JVmaraton<\/a><\/span><\/p>\n<p><span style=\"color: #000000;\"><strong>1975<\/strong><\/span><\/p>\n<p style=\"padding-left: 40px;\"><span style=\"color: #0000ff;\"><a style=\"color: #0000ff;\" href=\"https:\/\/finslot.net\/arkisto\/wp-content\/uploads\/2022\/04\/1975-Kilpailukutsu_EM-sarja3_UmeaSwe.pdf\">1975-Kilpailukutsu_EM-sarja3_Ume\u00e5Swe<\/a><\/span><\/p>\n<p style=\"padding-left: 40px;\"><span style=\"color: #0000ff;\"><a style=\"color: #0000ff;\" href=\"https:\/\/finslot.net\/arkisto\/wp-content\/uploads\/2022\/04\/1975-Kilpailukutsu_EM-sarja.pdf\">1975-Kilpailukutsu_EM-sarja<\/a><\/span><\/p>\n<p style=\"padding-left: 40px;\"><span style=\"color: #0000ff;\"><a style=\"color: #0000ff;\" href=\"https:\/\/finslot.net\/arkisto\/wp-content\/uploads\/2022\/04\/1975-HMR_Tuloksia_marraskuu.pdf\">1975-HMR_Tuloksia_marraskuu<\/a><\/span><\/p>\n<p style=\"padding-left: 40px;\"><span style=\"color: #0000ff;\"><a style=\"color: #0000ff;\" href=\"https:\/\/finslot.net\/arkisto\/wp-content\/uploads\/2022\/04\/1975-Helsinki_JunnuSM_tuloksia.pdf\">1975-Helsinki_JunnuSM_tuloksia<\/a><\/span><\/p>\n<p><span style=\"color: #000000;\"><strong>1976<\/strong><\/span><\/p>\n<p style=\"padding-left: 40px;\"><span style=\"color: #0000ff;\"><a style=\"color: #0000ff;\" href=\"https:\/\/finslot.net\/arkisto\/wp-content\/uploads\/2022\/04\/1976-SuomenCup_1975-1976_kolmenkisanjalkeenTulokset.pdf\">1976-SuomenCup_1975-1976_kolmenkisanj\u00e4lkeenTulokset<\/a><\/span><\/p>\n<p><span style=\"color: #000000;\"><strong>1977<\/strong><\/span><\/p>\n<p><span style=\"color: #000000;\"><strong>1978<\/strong><\/span><\/p>\n<p style=\"padding-left: 40px;\"><span style=\"color: #0000ff;\"><a style=\"color: #0000ff;\" href=\"https:\/\/finslot.net\/arkisto\/wp-content\/uploads\/2022\/03\/Tulokset_Vuoden1978Mestaruudet.pdf\">Tulokset_Vuoden1978Mestaruudet<\/a><\/span><\/p>\n<p><span style=\"color: #000000;\"><strong>1979<\/strong><\/span><\/p>\n<p style=\"padding-left: 40px;\"><span style=\"color: #0000ff;\"><a style=\"color: #0000ff;\" href=\"https:\/\/finslot.net\/arkisto\/wp-content\/uploads\/2022\/03\/Seinajoki-EPUA_Tulokset_1979.pdf\">Sein\u00e4joki-EPUA_Tulokset_1979<\/a><\/span><\/p>\n<p style=\"padding-left: 40px;\"><span style=\"color: #0000ff;\"><a style=\"color: #0000ff;\" href=\"https:\/\/finslot.net\/arkisto\/wp-content\/uploads\/2022\/04\/1979-Tulokset-LK1SM1-LK3Kans_06021979.pdf\">1979-Tulokset-LK1SM1-LK3Kans_06021979<\/a><\/span><\/p>\n<p style=\"padding-left: 40px;\"><span style=\"color: #0000ff;\"> <a style=\"color: #0000ff;\" href=\"https:\/\/finslot.net\/arkisto\/wp-content\/uploads\/2022\/04\/1979-Tulokset-28041979_SRC-Hyvinkaa_LK1LK5-12hEnduro.pdf\">1979-Tulokset-28041979_SRC-Hyvink\u00e4\u00e4_LK1LK5-12hEnduro<\/a> <\/span><\/p>\n<p style=\"padding-left: 40px;\"><span style=\"color: #0000ff;\"><a style=\"color: #0000ff;\" href=\"https:\/\/finslot.net\/arkisto\/wp-content\/uploads\/2022\/04\/1979-Lappeenranta-Tulokset-JunioriCup1-BCD_LK3-_11021979.pdf\">1979-Lappeenranta-Tulokset-JunioriCup1-BCD_LK3-_11021979<\/a> <\/span><\/p>\n<p style=\"padding-left: 40px;\"><span style=\"color: #0000ff;\"><a style=\"color: #0000ff;\" href=\"https:\/\/finslot.net\/arkisto\/wp-content\/uploads\/2022\/04\/1979-KuPSA-HMR_tuloksia_tammikuu.pdf\">1979-KuPSA-HMR_tuloksia_tammikuu<\/a><\/span><\/p>\n<p style=\"padding-left: 40px;\"><span style=\"color: #0000ff;\"> <a style=\"color: #0000ff;\" href=\"https:\/\/finslot.net\/arkisto\/wp-content\/uploads\/2022\/04\/1979-Kilpailukutsu_30111979_HMRHelsinki_LK1_SM4.pdf\">1979-Kilpailukutsu_30111979_HMRHelsinki_LK1_SM4<\/a> <\/span><\/p>\n<p style=\"padding-left: 40px;\"><span style=\"color: #0000ff;\"><a style=\"color: #0000ff;\" href=\"https:\/\/finslot.net\/arkisto\/wp-content\/uploads\/2022\/04\/1979-Kilpailukutsu_29091979_EPUASeinajoki_LK1-6hEnduro.pdf\">1979-Kilpailukutsu_29091979_EPUASein\u00e4joki_LK1-6hEnduro<\/a> <\/span><\/p>\n<p style=\"padding-left: 40px;\"><span style=\"color: #0000ff;\"><a style=\"color: #0000ff;\" href=\"https:\/\/finslot.net\/arkisto\/wp-content\/uploads\/2022\/04\/1979-Kilpailukutsu_28041979_SRC-Hyvinkaa_LK1LK5-12hEnduro.pdf\">1979-Kilpailukutsu_28041979_SRC-Hyvink\u00e4\u00e4_LK1LK5-12hEnduro<\/a> <\/span><\/p>\n<p style=\"padding-left: 40px;\"><span style=\"color: #0000ff;\"><a style=\"color: #0000ff;\" href=\"https:\/\/finslot.net\/arkisto\/wp-content\/uploads\/2022\/04\/1979-Kilpailukutsu_27101979_EPUASeinajoki_LK3SuomenCup3-LK5kans.pdf\">1979-Kilpailukutsu_27101979_EPUASein\u00e4joki_LK3SuomenCup3-LK5kans<\/a> <\/span><\/p>\n<p style=\"padding-left: 40px;\"><span style=\"color: #0000ff;\"><a style=\"color: #0000ff;\" href=\"https:\/\/finslot.net\/arkisto\/wp-content\/uploads\/2022\/04\/1979-Kilpailukutsu_24111979_SRC-Hyvinkaa_LK3SuomenCup4-LK5JuniorCup4.pdf\">1979-Kilpailukutsu_24111979_SRC-Hyvink\u00e4\u00e4_LK3SuomenCup4-LK5JuniorCup4<\/a> <\/span><\/p>\n<p style=\"padding-left: 40px;\"><span style=\"color: #0000ff;\"><a style=\"color: #0000ff;\" href=\"https:\/\/finslot.net\/arkisto\/wp-content\/uploads\/2022\/04\/1979-Kilpailukutsu_23031980_HMRHelsinki_HMR500Open.pdf\">1979-Kilpailukutsu_23031980_HMRHelsinki_HMR500Open<\/a> <\/span><\/p>\n<p style=\"padding-left: 40px;\"><span style=\"color: #0000ff;\"><a style=\"color: #0000ff;\" href=\"https:\/\/finslot.net\/arkisto\/wp-content\/uploads\/2022\/04\/1979-Kilpailukutsu_21041979_EPUASeinajoki_LK3-LK1avoinSM2.pdf\">1979-Kilpailukutsu_21041979_EPUASein\u00e4joki_LK3-LK1avoinSM2<\/a><\/span><\/p>\n<p style=\"padding-left: 40px;\"><span style=\"color: #0000ff;\"> <a style=\"color: #0000ff;\" href=\"https:\/\/finslot.net\/arkisto\/wp-content\/uploads\/2022\/04\/1979-Kilpailukutsu_10111979_SMC-Lappeenranta-LK1_SM3.pdf\">1979-Kilpailukutsu_10111979_SMC-Lappeenranta-LK1_SM3<\/a><\/span><\/p>\n<p style=\"padding-left: 80px;\">\n","protected":false},"excerpt":{"rendered":"<p>1971 1971-Jyr\u00e4nk\u00f6l\u00e4_tuloksia_lokakuu 1971-Nastola_tuloksia_enduro 1972 1972-JunnuSM-Tulokset 1973 1973-Heinola_tuloksia_SM 1973-Heinola_tuloksia_G20 1974 1974-AvoimenGTSM-sarjan_lopputulokset 1974-Heinola_tuloksia_G20 1974_Hesan-avoimenkisan_lopputulokset-08121974 1974-Kuopio_tuloksia_JunSM 1974-Heinola_tuloksia_JVmaraton 1975 1975-Kilpailukutsu_EM-sarja3_Ume\u00e5Swe 1975-Kilpailukutsu_EM-sarja 1975-HMR_Tuloksia_marraskuu 1975-Helsinki_JunnuSM_tuloksia 1976 1976-SuomenCup_1975-1976_kolmenkisanj\u00e4lkeenTulokset 1977 1978 Tulokset_Vuoden1978Mestaruudet 1979 Sein\u00e4joki-EPUA_Tulokset_1979 1979-Tulokset-LK1SM1-LK3Kans_06021979 1979-Tulokset-28041979_SRC-Hyvink\u00e4\u00e4_LK1LK5-12hEnduro 1979-Lappeenranta-Tulokset-JunioriCup1-BCD_LK3-_11021979 1979-KuPSA-HMR_tuloksia_tammikuu 1979-Kilpailukutsu_30111979_HMRHelsinki_LK1_SM4 1979-Kilpailukutsu_29091979_EPUASein\u00e4joki_LK1-6hEnduro 1979-Kilpailukutsu_28041979_SRC-Hyvink\u00e4\u00e4_LK1LK5-12hEnduro 1979-Kilpailukutsu_27101979_EPUASein\u00e4joki_LK3SuomenCup3-LK5kans 1979-Kilpailukutsu_24111979_SRC-Hyvink\u00e4\u00e4_LK3SuomenCup4-LK5JuniorCup4 1979-Kilpailukutsu_23031980_HMRHelsinki_HMR500Open 1979-Kilpailukutsu_21041979_EPUASein\u00e4joki_LK3-LK1avoinSM2 1979-Kilpailukutsu_10111979_SMC-Lappeenranta-LK1_SM3<\/p>\n","protected":false},"author":3,"featured_media":0,"parent":0,"menu_order":0,"comment_status":"closed","ping_status":"closed","template":"","meta":{"footnotes":""},"class_list":["post-26","page","type-page","status-publish","hentry"],"_links":{"self":[{"href":"https:\/\/finslot.net\/arkisto\/wp-json\/wp\/v2\/pages\/26","targetHints":{"allow":["GET"]}}],"collection":[{"href":"https:\/\/finslot.net\/arkisto\/wp-json\/wp\/v2\/pages"}],"about":[{"href":"https:\/\/finslot.net\/arkisto\/wp-json\/wp\/v2\/types\/page"}],"author":[{"embeddable":true,"href":"https:\/\/finslot.net\/arkisto\/wp-json\/wp\/v2\/users\/3"}],"replies":[{"embeddable":true,"href":"https:\/\/finslot.net\/arkisto\/wp-json\/wp\/v2\/comments?post=26"}],"version-history":[{"count":10,"href":"https:\/\/finslot.net\/arkisto\/wp-json\/wp\/v2\/pages\/26\/revisions"}],"predecessor-version":[{"id":457,"href":"https:\/\/finslot.net\/arkisto\/wp-json\/wp\/v2\/pages\/26\/revisions\/457"}],"wp:attachment":[{"href":"https:\/\/finslot.net\/arkisto\/wp-json\/wp\/v2\/media?parent=26"}],"curies":[{"name":"wp","href":"https:\/\/api.w.org\/{rel}","templated":true}]}}