{"id":262,"date":"2022-03-22T19:15:13","date_gmt":"2022-03-22T17:15:13","guid":{"rendered":"https:\/\/finslot.net\/arkisto\/?page_id=262"},"modified":"2022-03-24T19:06:27","modified_gmt":"2022-03-24T17:06:27","slug":"pienoismalli","status":"publish","type":"page","link":"https:\/\/finslot.net\/arkisto\/pienoismalli\/","title":{"rendered":"PienoisMalli"},"content":{"rendered":"<p><span style=\"color: #0000ff;\"><a style=\"color: #0000ff;\" href=\"https:\/\/finslot.net\/arkisto\/wp-content\/uploads\/2022\/03\/PienoisMalli_1-1981.pdf\">PienoisMalli_1-1981<\/a><\/span><\/p>\n<ul>\n<li><span style=\"color: #000000;\">Laihialaisjuttu &#8211; uusi Slottirata ( Jaakko Sarvela, Pekka Pesu ), Ilkka Mannio<\/span><\/li>\n<\/ul>\n<p><span style=\"color: #0000ff;\"><a style=\"color: #0000ff;\" href=\"https:\/\/finslot.net\/arkisto\/wp-content\/uploads\/2022\/03\/PienoisMalli_1-1983.pdf\">PienoisMalli_1-1983<\/a><\/span><\/p>\n<ul>\n<li><span style=\"color: #000000;\">&#8221;Stadi on snadi mutta buli&#8221; Helsinki MR ( Esa Mets\u00e4l\u00e4 ), Ilkka Mannio<\/span><\/li>\n<\/ul>\n<p><span style=\"color: #000000;\"><span style=\"color: #0000ff;\"><a style=\"color: #0000ff;\" href=\"https:\/\/finslot.net\/arkisto\/wp-content\/uploads\/2022\/03\/PienoisMalli_3-1982.pdf\">PienoisMalli_3-1982<\/a><\/span><\/span><\/p>\n<ul>\n<li><span style=\"color: #000000;\">Tyvest\u00e4 puuhun eli pienoiss\u00e4hk\u00f6autoilun alkeet, Arto Lindfors<\/span><\/li>\n<\/ul>\n<p><span style=\"color: #0000ff;\"><a style=\"color: #0000ff;\" href=\"https:\/\/finslot.net\/arkisto\/wp-content\/uploads\/2022\/03\/PienoisMalli_2-1986.pdf\">PienoisMalli_2-1986<\/a><\/span><\/p>\n<ul>\n<li><span style=\"color: #000000;\">Hesan GT-24 ja GR-24 Suomenmestaruusosakisa ykk\u00f6nen, Jukka Vatanen<\/span><\/li>\n<li><span style=\"color: #000000;\">Pienoisautoilussa tapahtuu 1986, Ilkka Mannio<\/span><\/li>\n<\/ul>\n<p><span style=\"color: #0000ff;\"><a style=\"color: #0000ff;\" href=\"https:\/\/finslot.net\/arkisto\/wp-content\/uploads\/2022\/03\/PienoisMalli_6-1988.pdf\">PienoisMalli_6-1988<\/a> <\/span><\/p>\n<ul>\n<li><span style=\"color: #000000;\">SlotRacing EC 1 Uden -Hollanti 1.-3.4.1988, Kimmo Rautama<\/span><\/li>\n<\/ul>\n<p><span style=\"color: #0000ff;\"><a style=\"color: #0000ff;\" href=\"https:\/\/finslot.net\/arkisto\/wp-content\/uploads\/2022\/03\/PienoisMalli_8-1988.pdf\">PienoisMalli_8-1988<\/a><\/span><\/p>\n<ul>\n<li><span style=\"color: #000000;\">PSA -vanha laji, mutta yh\u00e4 tuore, Kimmo Rautama &amp; Petri Nikkil\u00e4<\/span><\/li>\n<\/ul>\n<p><span style=\"color: #0000ff;\"><a style=\"color: #0000ff;\" href=\"https:\/\/finslot.net\/arkisto\/wp-content\/uploads\/2022\/03\/PienoisMalli_3-1991.pdf\">PienoisMalli_3-1991<\/a><\/span><\/p>\n<ul>\n<li><span style=\"color: #000000;\">Uudet slottiautot, osa 1, Kimmo Rautama &amp; Leo Hongisto<\/span>\n<ul>\n<li><span style=\"color: #000000;\">PSA:n hallittu rakennemuutos<\/span><\/li>\n<\/ul>\n<\/li>\n<\/ul>\n<p><span style=\"color: #0000ff;\"><a style=\"color: #0000ff;\" href=\"https:\/\/finslot.net\/arkisto\/wp-content\/uploads\/2022\/03\/PienoisMalli_1-1992.pdf\">PienoisMalli_1-1992<\/a><\/span><\/p>\n<ul>\n<li><span style=\"color: #000000;\">Mit\u00e4 oli ennen ? Eero H\u00e4m\u00e4l\u00e4inen &amp; Ola Pedersen<\/span>\n<ul>\n<li><span style=\"color: #000000;\">Pienoisautoilun historiaa ja politiikkaa&#8230;<\/span><\/li>\n<\/ul>\n<\/li>\n<\/ul>\n<p><span style=\"color: #0000ff;\"><a style=\"color: #0000ff;\" href=\"https:\/\/finslot.net\/arkisto\/wp-content\/uploads\/2022\/03\/PienoisMalli_6-1993.pdf\">PienoisMalli_6-1993<\/a><\/span><\/p>\n<ul>\n<li><span style=\"color: #000000;\">Slotti-EM 1993, Kimmo Rautama &amp; Pekka Sippola<\/span>\n<ul>\n<li><span style=\"color: #000000;\">Kolmoisvoitto Suomeen! kisajuttua tuloksia<\/span><\/li>\n<\/ul>\n<\/li>\n<\/ul>\n<p><span style=\"color: #0000ff;\"><a style=\"color: #0000ff;\" href=\"https:\/\/finslot.net\/arkisto\/wp-content\/uploads\/2022\/03\/PienoisMalli_8-1993.pdf\">PienoisMalli_8-1993<\/a> <\/span><\/p>\n<ul>\n<li><span style=\"color: #000000;\">Ura-autoilua kotiradalla, Kai Kivek\u00e4s &amp; Terje Yl\u00e4-Outinen<\/span><\/li>\n<\/ul>\n<p>&nbsp;<\/p>\n","protected":false},"excerpt":{"rendered":"<p>PienoisMalli_1-1981 Laihialaisjuttu &#8211; uusi Slottirata ( Jaakko Sarvela, Pekka Pesu ), Ilkka Mannio PienoisMalli_1-1983 &#8221;Stadi on snadi mutta buli&#8221; Helsinki MR ( Esa Mets\u00e4l\u00e4 ), Ilkka Mannio PienoisMalli_3-1982 Tyvest\u00e4 puuhun eli pienoiss\u00e4hk\u00f6autoilun alkeet, Arto Lindfors PienoisMalli_2-1986 Hesan GT-24 ja GR-24 Suomenmestaruusosakisa ykk\u00f6nen, Jukka Vatanen Pienoisautoilussa tapahtuu 1986, Ilkka Mannio PienoisMalli_6-1988 SlotRacing EC 1 Uden -Hollanti [&hellip;]<\/p>\n","protected":false},"author":3,"featured_media":0,"parent":0,"menu_order":0,"comment_status":"closed","ping_status":"closed","template":"","meta":{"footnotes":""},"class_list":["post-262","page","type-page","status-publish","hentry"],"_links":{"self":[{"href":"https:\/\/finslot.net\/arkisto\/wp-json\/wp\/v2\/pages\/262","targetHints":{"allow":["GET"]}}],"collection":[{"href":"https:\/\/finslot.net\/arkisto\/wp-json\/wp\/v2\/pages"}],"about":[{"href":"https:\/\/finslot.net\/arkisto\/wp-json\/wp\/v2\/types\/page"}],"author":[{"embeddable":true,"href":"https:\/\/finslot.net\/arkisto\/wp-json\/wp\/v2\/users\/3"}],"replies":[{"embeddable":true,"href":"https:\/\/finslot.net\/arkisto\/wp-json\/wp\/v2\/comments?post=262"}],"version-history":[{"count":4,"href":"https:\/\/finslot.net\/arkisto\/wp-json\/wp\/v2\/pages\/262\/revisions"}],"predecessor-version":[{"id":334,"href":"https:\/\/finslot.net\/arkisto\/wp-json\/wp\/v2\/pages\/262\/revisions\/334"}],"wp:attachment":[{"href":"https:\/\/finslot.net\/arkisto\/wp-json\/wp\/v2\/media?parent=262"}],"curies":[{"name":"wp","href":"https:\/\/api.w.org\/{rel}","templated":true}]}}