{"id":266,"date":"2022-03-22T19:15:39","date_gmt":"2022-03-22T17:15:39","guid":{"rendered":"https:\/\/finslot.net\/arkisto\/?page_id=266"},"modified":"2022-03-24T19:18:00","modified_gmt":"2022-03-24T17:18:00","slug":"rc-racer","status":"publish","type":"page","link":"https:\/\/finslot.net\/arkisto\/rc-racer\/","title":{"rendered":"RC-Racer"},"content":{"rendered":"<p><span style=\"color: #0000ff;\"><a style=\"color: #0000ff;\" href=\"https:\/\/finslot.net\/arkisto\/wp-content\/uploads\/2022\/03\/RC-Racer2-1997Kimmo.pdf\">RC-Racer2-1997Kimmo<\/a> <\/span><\/p>\n<ul>\n<li><span style=\"color: #000000;\">Slotman, Kimmo Rautama<\/span>\n<ul>\n<li><span style=\"color: #000000;\">ura-auto esittely\u00e4<\/span><\/li>\n<\/ul>\n<\/li>\n<\/ul>\n<p><span style=\"color: #0000ff;\"><a style=\"color: #0000ff;\" href=\"https:\/\/finslot.net\/arkisto\/wp-content\/uploads\/2022\/03\/RC-Racer3-1997Kimmo.pdf\">RC-Racer3-1997Kimmo<\/a> <\/span><\/p>\n<ul>\n<li><span style=\"color: #000000;\">Slotman, Kimmo Rautama<\/span>\n<ul>\n<li><span style=\"color: #000000;\">Siipi-MM 1997 Pilsen, Tshekki<\/span>\n<ul>\n<li><span style=\"color: #000000;\">kisajuttua, tuloksia<\/span><\/li>\n<\/ul>\n<\/li>\n<\/ul>\n<\/li>\n<\/ul>\n<p><span style=\"color: #0000ff;\"><a style=\"color: #0000ff;\" href=\"https:\/\/finslot.net\/arkisto\/wp-content\/uploads\/2022\/03\/RC-Racer4-1997Kaitsu.pdf\">RC-Racer4-1997Kaitsu<\/a> <\/span><\/p>\n<ul>\n<li><span style=\"color: #000000;\">Scale-autoilu, Kai Kivek\u00e4s &amp; Juha Set\u00e4l\u00e4 &amp; Terje Yl\u00e4-Outinen<\/span>\n<ul>\n<li><span style=\"color: #000000;\">Suomen Scalextric Harrastajat ry (SSH)<\/span><\/li>\n<li><span style=\"color: #000000;\">realistista pienoisautoilua kohtuukustannuksin<\/span><\/li>\n<\/ul>\n<\/li>\n<\/ul>\n<p><span style=\"color: #0000ff;\"><a style=\"color: #0000ff;\" href=\"https:\/\/finslot.net\/arkisto\/wp-content\/uploads\/2022\/03\/RC-Racer4-1997Kimmo.pdf\">RC-Racer4-1997Kimmo<\/a> <\/span><\/p>\n<ul>\n<li><span style=\"color: #000000;\">Slotman, Kimmo Rautama &amp; Juha Yli-Sipola &amp; Rolf Lundberg<\/span>\n<ul>\n<li><span style=\"color: #000000;\">US Nationals 1997 &#8211; Suomipoika kovassa kyydiss\u00e4&#8230;<\/span>\n<ul>\n<li><span style=\"color: #000000;\">Kisajuttua\u00a0<\/span><\/li>\n<\/ul>\n<\/li>\n<\/ul>\n<\/li>\n<\/ul>\n<p><span style=\"color: #0000ff;\"><a style=\"color: #0000ff;\" href=\"https:\/\/finslot.net\/arkisto\/wp-content\/uploads\/2022\/03\/RC-Racer5-1997Kimmo.pdf\">RC-Racer5-1997Kimmo<\/a><\/span><\/p>\n<ul>\n<li><span style=\"color: #000000;\">ISRA MM 1997 MM-Mitali Suomeen!, Kimmo Rautama &amp; Einari Fyhr<\/span>\n<ul>\n<li><span style=\"color: #000000;\">Kisajuttua<\/span><\/li>\n<\/ul>\n<\/li>\n<\/ul>\n","protected":false},"excerpt":{"rendered":"<p>RC-Racer2-1997Kimmo Slotman, Kimmo Rautama ura-auto esittely\u00e4 RC-Racer3-1997Kimmo Slotman, Kimmo Rautama Siipi-MM 1997 Pilsen, Tshekki kisajuttua, tuloksia RC-Racer4-1997Kaitsu Scale-autoilu, Kai Kivek\u00e4s &amp; Juha Set\u00e4l\u00e4 &amp; Terje Yl\u00e4-Outinen Suomen Scalextric Harrastajat ry (SSH) realistista pienoisautoilua kohtuukustannuksin RC-Racer4-1997Kimmo Slotman, Kimmo Rautama &amp; Juha Yli-Sipola &amp; Rolf Lundberg US Nationals 1997 &#8211; Suomipoika kovassa kyydiss\u00e4&#8230; Kisajuttua\u00a0 RC-Racer5-1997Kimmo ISRA MM [&hellip;]<\/p>\n","protected":false},"author":3,"featured_media":0,"parent":0,"menu_order":0,"comment_status":"closed","ping_status":"closed","template":"","meta":{"footnotes":""},"class_list":["post-266","page","type-page","status-publish","hentry"],"_links":{"self":[{"href":"https:\/\/finslot.net\/arkisto\/wp-json\/wp\/v2\/pages\/266","targetHints":{"allow":["GET"]}}],"collection":[{"href":"https:\/\/finslot.net\/arkisto\/wp-json\/wp\/v2\/pages"}],"about":[{"href":"https:\/\/finslot.net\/arkisto\/wp-json\/wp\/v2\/types\/page"}],"author":[{"embeddable":true,"href":"https:\/\/finslot.net\/arkisto\/wp-json\/wp\/v2\/users\/3"}],"replies":[{"embeddable":true,"href":"https:\/\/finslot.net\/arkisto\/wp-json\/wp\/v2\/comments?post=266"}],"version-history":[{"count":3,"href":"https:\/\/finslot.net\/arkisto\/wp-json\/wp\/v2\/pages\/266\/revisions"}],"predecessor-version":[{"id":337,"href":"https:\/\/finslot.net\/arkisto\/wp-json\/wp\/v2\/pages\/266\/revisions\/337"}],"wp:attachment":[{"href":"https:\/\/finslot.net\/arkisto\/wp-json\/wp\/v2\/media?parent=266"}],"curies":[{"name":"wp","href":"https:\/\/api.w.org\/{rel}","templated":true}]}}