{"id":270,"date":"2022-03-22T19:16:03","date_gmt":"2022-03-22T17:16:03","guid":{"rendered":"https:\/\/finslot.net\/arkisto\/?page_id=270"},"modified":"2022-04-02T15:29:48","modified_gmt":"2022-04-02T12:29:48","slug":"vauhdinmaailma","status":"publish","type":"page","link":"https:\/\/finslot.net\/arkisto\/vauhdinmaailma\/","title":{"rendered":"VauhdinMaailma"},"content":{"rendered":"<p><span style=\"color: #0000ff;\"><a style=\"color: #0000ff;\" href=\"https:\/\/finslot.net\/arkisto\/wp-content\/uploads\/2022\/03\/VauhdinMaailma_1-77.pdf\">VauhdinMaailma_1-77<\/a> <\/span><\/p>\n<ul>\n<li><span style=\"color: #000000;\">Pienoiss\u00e4hk\u00f6autot POP, Eero I. Nurmikko &amp; Yrj\u00f6 Puuper\u00e4<\/span>\n<ul>\n<li><span style=\"color: #000000;\">Vesala, Helsinki<\/span><\/li>\n<\/ul>\n<\/li>\n<\/ul>\n<p><span style=\"color: #0000ff;\"><a style=\"color: #0000ff;\" href=\"https:\/\/finslot.net\/arkisto\/wp-content\/uploads\/2022\/04\/VauhdinMaailma_3-1977.pdf\">VauhdinMaailma_3-1977<\/a><\/span><\/p>\n<ul>\n<li><span style=\"color: #000000;\">Eero I. Nurmikko, Jukka Vatanen<\/span><\/li>\n<li><span style=\"color: #000000;\">MiniRacingLiitto<\/span><\/li>\n<li><span style=\"color: #000000;\">Luokka5 tekniikka, Erkki Mannio<\/span><\/li>\n<\/ul>\n<p><span style=\"color: #0000ff;\"><a style=\"color: #0000ff;\" href=\"https:\/\/finslot.net\/arkisto\/wp-content\/uploads\/2022\/03\/VauhdinMaailma_1-2009.pdf\">VauhdinMaailma_1-2009<\/a><\/span><\/p>\n<ul>\n<li><span style=\"color: #000000;\">Ura-autot tekniikka, Marko M\u00e4kinen<\/span>\n<ul>\n<li><span style=\"color: #000000;\">Matti Fyhr lajiesittely\u00e4, ARH &#8211; Herttoniemi<\/span><\/li>\n<\/ul>\n<\/li>\n<\/ul>\n","protected":false},"excerpt":{"rendered":"<p>VauhdinMaailma_1-77 Pienoiss\u00e4hk\u00f6autot POP, Eero I. Nurmikko &amp; Yrj\u00f6 Puuper\u00e4 Vesala, Helsinki VauhdinMaailma_3-1977 Eero I. Nurmikko, Jukka Vatanen MiniRacingLiitto Luokka5 tekniikka, Erkki Mannio VauhdinMaailma_1-2009 Ura-autot tekniikka, Marko M\u00e4kinen Matti Fyhr lajiesittely\u00e4, ARH &#8211; Herttoniemi<\/p>\n","protected":false},"author":3,"featured_media":0,"parent":0,"menu_order":0,"comment_status":"closed","ping_status":"closed","template":"","meta":{"footnotes":""},"class_list":["post-270","page","type-page","status-publish","hentry"],"_links":{"self":[{"href":"https:\/\/finslot.net\/arkisto\/wp-json\/wp\/v2\/pages\/270","targetHints":{"allow":["GET"]}}],"collection":[{"href":"https:\/\/finslot.net\/arkisto\/wp-json\/wp\/v2\/pages"}],"about":[{"href":"https:\/\/finslot.net\/arkisto\/wp-json\/wp\/v2\/types\/page"}],"author":[{"embeddable":true,"href":"https:\/\/finslot.net\/arkisto\/wp-json\/wp\/v2\/users\/3"}],"replies":[{"embeddable":true,"href":"https:\/\/finslot.net\/arkisto\/wp-json\/wp\/v2\/comments?post=270"}],"version-history":[{"count":4,"href":"https:\/\/finslot.net\/arkisto\/wp-json\/wp\/v2\/pages\/270\/revisions"}],"predecessor-version":[{"id":473,"href":"https:\/\/finslot.net\/arkisto\/wp-json\/wp\/v2\/pages\/270\/revisions\/473"}],"wp:attachment":[{"href":"https:\/\/finslot.net\/arkisto\/wp-json\/wp\/v2\/media?parent=270"}],"curies":[{"name":"wp","href":"https:\/\/api.w.org\/{rel}","templated":true}]}}