{"id":285,"date":"2022-03-24T09:43:19","date_gmt":"2022-03-24T07:43:19","guid":{"rendered":"https:\/\/finslot.net\/arkisto\/?page_id=285"},"modified":"2022-03-24T13:48:13","modified_gmt":"2022-03-24T11:48:13","slug":"fleischmann-katalogit","status":"publish","type":"page","link":"https:\/\/finslot.net\/arkisto\/fleischmann-katalogit\/","title":{"rendered":"Fleischmann katalogit"},"content":{"rendered":"<p><span style=\"color: #000000;\">Alla olevat katalogit l\u00f6ytynee kaikki itselt\u00e4ni, olen ne p\u00e4\u00e4s\u00e4\u00e4nt\u00f6isesti hankkinut ebayn ja huutonetin kautta. Lopussa on koodia &#8211; josta n\u00e4kee mink\u00e4 kielisest\u00e4 versiosta kyse. Hienoa ett\u00e4 Suomalainen kataloki on ensimm\u00e4isen\u00e4 listoilla ja sen mukana tuli my\u00f6s hinnasto joka on tuolla alempana. T\u00e4\u00e4ll\u00e4 pit\u00e4isi olla tietojeni mukaan ihan kaikki FAR katalokit &#8211; joissa on nimen omaan autoratamateriaalia mukana, ovat ilmestymisj\u00e4rjestyksess\u00e4 !<\/span><\/p>\n<p>&nbsp;<\/p>\n<p><span style=\"color: #000000;\"><strong>Fleischmann Auto-Rallye katalogit<\/strong><\/span><\/p>\n<p style=\"padding-left: 40px;\"><span style=\"color: #0000ff;\"><a style=\"color: #0000ff;\" href=\"https:\/\/finslot.net\/arkisto\/wp-content\/uploads\/2022\/03\/Fleischmann-Auto-Rallye-1967-1968-fin.pdf\">Fleischmann Auto-Rallye 1967-1968 fin<\/a><\/span><\/p>\n<p style=\"padding-left: 40px;\"><span style=\"color: #0000ff;\"><a style=\"color: #0000ff;\" href=\"https:\/\/finslot.net\/arkisto\/wp-content\/uploads\/2022\/03\/Fleischmann-Auto-Rallye-1968-1969-de.pdf\">Fleischmann Auto-Rallye 1968-1969 de<\/a><\/span><\/p>\n<p style=\"padding-left: 40px;\"><span style=\"color: #000000;\">N\u00e4iden kahden ekan katalogin j\u00e4lkeen onkin siirrytty vuosittaisiin kalalogeihin.<\/span><\/p>\n<p style=\"padding-left: 40px;\"><span style=\"color: #0000ff;\"><a style=\"color: #0000ff;\" href=\"https:\/\/finslot.net\/arkisto\/wp-content\/uploads\/2022\/03\/Fleischmann-Auto-Rallye-1969-fin.pdf\">Fleischmann Auto-Rallye 1969 fin<\/a><\/span><\/p>\n<p style=\"padding-left: 40px;\"><span style=\"color: #0000ff;\"><a style=\"color: #0000ff;\" href=\"https:\/\/finslot.net\/arkisto\/wp-content\/uploads\/2022\/03\/Fleischmann-Auto-Rallye-1970-fr.pdf\">Fleischmann Auto-Rallye 1970 fr<\/a><\/span><\/p>\n<p style=\"padding-left: 40px;\"><span style=\"color: #0000ff;\"><a style=\"color: #0000ff;\" href=\"https:\/\/finslot.net\/arkisto\/wp-content\/uploads\/2022\/03\/Fleischmann-Auto-Rallye-1971-de.pdf\">Fleischmann Auto-Rallye 1971 de<\/a><\/span><\/p>\n<p style=\"padding-left: 40px;\"><span style=\"color: #0000ff;\"><a style=\"color: #0000ff;\" href=\"https:\/\/finslot.net\/arkisto\/wp-content\/uploads\/2022\/03\/Fleischmann-Auto-Rallye-1972-de.pdf\">Fleischmann Auto-Rallye 1972 de<\/a><\/span><\/p>\n<p style=\"padding-left: 40px;\"><span style=\"color: #0000ff;\"><a style=\"color: #0000ff;\" href=\"https:\/\/finslot.net\/arkisto\/wp-content\/uploads\/2022\/03\/Fleischmann-Auto-Rallye-1973-de.pdf\">Fleischmann Auto-Rallye 1973 de<\/a><\/span><\/p>\n<p style=\"padding-left: 40px;\"><span style=\"color: #0000ff;\"><a style=\"color: #0000ff;\" href=\"https:\/\/finslot.net\/arkisto\/wp-content\/uploads\/2022\/03\/Fleischmann-Auto-Rallye-1974-de.pdf\">Fleischmann Auto-Rallye 1974 de<\/a><\/span><\/p>\n<p style=\"padding-left: 40px;\"><span style=\"color: #0000ff;\"><a style=\"color: #0000ff;\" href=\"https:\/\/finslot.net\/arkisto\/wp-content\/uploads\/2022\/03\/Fleischmann-Auto-Rallye-1975-de.pdf\">Fleischmann Auto-Rallye 1975 de<\/a><\/span><\/p>\n<p style=\"padding-left: 40px;\"><span style=\"color: #0000ff;\"><a style=\"color: #0000ff;\" href=\"https:\/\/finslot.net\/arkisto\/wp-content\/uploads\/2022\/03\/Fleischmann-Auto-Rallye-1976-de.pdf\">Fleischmann Auto-Rallye 1976 de<\/a><\/span><\/p>\n<p style=\"padding-left: 40px;\"><span style=\"color: #0000ff;\"><a style=\"color: #0000ff;\" href=\"https:\/\/finslot.net\/arkisto\/wp-content\/uploads\/2022\/03\/Fleischmann-Auto-Rallye-1977-de.pdf\">Fleischmann Auto-Rallye 1977 de<\/a><\/span><\/p>\n<p style=\"padding-left: 40px;\"><span style=\"color: #000000;\">Jostain syyst\u00e4 t\u00e4ss\u00e4 vaiheessa katalogit jatkunevat &#8221;2-vuotisina&#8221;.<\/span><\/p>\n<p style=\"padding-left: 40px;\"><span style=\"color: #0000ff;\"><a style=\"color: #0000ff;\" href=\"https:\/\/finslot.net\/arkisto\/wp-content\/uploads\/2022\/03\/Fleischmann-Auto-Rallye-1978-1979-de.pdf\">Fleischmann Auto-Rallye 1978-1979 de<\/a><\/span><\/p>\n<p style=\"padding-left: 40px;\"><span style=\"color: #0000ff;\"><a style=\"color: #0000ff;\" href=\"https:\/\/finslot.net\/arkisto\/wp-content\/uploads\/2022\/03\/Fleischmann-Auto-Rallye-1979-1980-de.pdf\">Fleischmann Auto-Rallye 1979-1980 de<\/a><\/span><\/p>\n<p style=\"padding-left: 40px;\"><span style=\"color: #0000ff;\"><a style=\"color: #0000ff;\" href=\"https:\/\/finslot.net\/arkisto\/wp-content\/uploads\/2022\/03\/Fleischmann-Auto-Rallye-1980-1981-de.pdf\">Fleischmann Auto-Rallye 1980-1981 de<\/a><\/span><\/p>\n<p style=\"padding-left: 40px;\"><span style=\"color: #0000ff;\"><a style=\"color: #0000ff;\" href=\"https:\/\/finslot.net\/arkisto\/wp-content\/uploads\/2022\/03\/Fleischmann-Auto-Rallye-1981-1982-de.pdf\">Fleischmann Auto-Rallye 1981-1982 de<\/a><\/span><\/p>\n<p style=\"padding-left: 40px;\"><span style=\"color: #0000ff;\"><a style=\"color: #0000ff;\" href=\"https:\/\/finslot.net\/arkisto\/wp-content\/uploads\/2022\/03\/Fleischmann-Auto-Rallye-1982-1983-de.pdf\">Fleischmann Auto-Rallye 1982-1983 de<\/a><\/span><\/p>\n<p style=\"padding-left: 40px;\"><span style=\"color: #0000ff;\"><a style=\"color: #0000ff;\" href=\"https:\/\/finslot.net\/arkisto\/wp-content\/uploads\/2022\/03\/Fleischmann-Auto-Rallye-1983-1984-de.pdf\">Fleischmann Auto-Rallye 1983-1984 de<\/a><\/span><\/p>\n<p style=\"padding-left: 40px;\"><span style=\"color: #0000ff;\"><a style=\"color: #0000ff;\" href=\"https:\/\/finslot.net\/arkisto\/wp-content\/uploads\/2022\/03\/Fleischmann-Auto-Rallye-1984-1985-de.pdf\">Fleischmann Auto-Rallye 1984-1985 de<\/a><\/span><\/p>\n<p style=\"padding-left: 40px;\"><span style=\"color: #0000ff;\"><a style=\"color: #0000ff;\" href=\"https:\/\/finslot.net\/arkisto\/wp-content\/uploads\/2022\/03\/Fleischmann-Auto-Rallye-1985-1986-de.pdf\">Fleischmann Auto-Rallye 1985-1986 de<\/a><\/span><\/p>\n<p style=\"padding-left: 40px;\"><span style=\"color: #0000ff;\"><a style=\"color: #0000ff;\" href=\"https:\/\/finslot.net\/arkisto\/wp-content\/uploads\/2022\/03\/Fleischmann-Auto-Rallye-1986-1987-de.pdf\">Fleischmann Auto-Rallye 1986-1987 de<\/a><\/span><\/p>\n<p style=\"padding-left: 40px;\"><span style=\"color: #000000;\">Jostain syyst\u00e4 87-88 katalogia ei ole ollenkaan, ilmeisesti sellaista ei ole koskaan tehty, vaan t\u00e4ss\u00e4 v\u00e4liss\u00e4 on nime\u00e4misk\u00e4yt\u00e4nt\u00f6 muuttunut.<\/span><\/p>\n<p style=\"padding-left: 40px;\"><span style=\"color: #0000ff;\"><a style=\"color: #0000ff;\" href=\"https:\/\/finslot.net\/arkisto\/wp-content\/uploads\/2022\/03\/Fleischmann-Auto-Rallye-1988-1989-de.pdf\">Fleischmann Auto-Rallye 1988-1989 de<\/a><\/span><\/p>\n<p style=\"padding-left: 40px;\"><span style=\"color: #0000ff;\"><a style=\"color: #0000ff;\" href=\"https:\/\/finslot.net\/arkisto\/wp-content\/uploads\/2022\/03\/Fleischmann-Auto-Rallye-1989-1990-de.pdf\">Fleischmann Auto-Rallye 1989-1990 de<\/a><\/span><\/p>\n<p><span style=\"color: #000000;\"><strong>Esitteit\u00e4<\/strong><\/span><\/p>\n<p style=\"padding-left: 40px;\"><span style=\"color: #0000ff;\"><a style=\"color: #0000ff;\" href=\"https:\/\/finslot.net\/arkisto\/wp-content\/uploads\/2022\/03\/Fleischmann-Auto-Rallye-esite-Jokipii-fin.pdf\">Fleischmann Auto-Rallye esite Jokipii fin<\/a><\/span><\/p>\n<p style=\"padding-left: 40px;\"><span style=\"color: #0000ff;\"><a style=\"color: #0000ff;\" href=\"https:\/\/finslot.net\/arkisto\/wp-content\/uploads\/2022\/03\/Fleischmann-Auto-Rallye-muuntajaesite-Jokipii-fin.pdf\">Fleischmann Auto-Rallye muuntajaesite Jokipii fin<\/a><\/span><\/p>\n<p style=\"padding-left: 40px;\"><span style=\"color: #0000ff;\"><a style=\"color: #0000ff;\" href=\"https:\/\/finslot.net\/arkisto\/wp-content\/uploads\/2022\/03\/Fleischmann-Auto-Rallye-Betriebsanweisung-de.pdf\">Fleischmann Auto-Rallye Betriebsanweisung de<\/a><\/span><\/p>\n<p>&nbsp;<\/p>\n<p><span style=\"color: #000000;\"><strong>Hinnastoja<\/strong><\/span><\/p>\n<p style=\"padding-left: 40px;\"><a href=\"https:\/\/finslot.net\/arkisto\/wp-content\/uploads\/2022\/03\/Fleischmann-Auto-Rallye-1967-1968-fin-Jokipii-hinnasto.pdf\"><span style=\"color: #0000ff;\">Fleischmann Auto-Rallye 1967-1968 fin Jokipii hinnasto<\/span><\/a><\/p>\n<p style=\"padding-left: 40px;\"><span style=\"color: #0000ff;\"><a style=\"color: #0000ff;\" href=\"https:\/\/finslot.net\/arkisto\/wp-content\/uploads\/2022\/03\/Fleischmann-Auto-Rallye-1972-de-hinnasto.pdf\">Fleischmann Auto-Rallye 1972 de hinnasto<\/a><\/span><\/p>\n<p style=\"padding-left: 40px;\"><span style=\"color: #0000ff;\"><a style=\"color: #0000ff;\" href=\"https:\/\/finslot.net\/arkisto\/wp-content\/uploads\/2022\/03\/Fleischmann-Auto-Rallye-1973-de-hinnasto.pdf\">Fleischmann Auto-Rallye 1973 de hinnasto<\/a><\/span><\/p>\n<p style=\"padding-left: 40px;\"><span style=\"color: #0000ff;\"><a style=\"color: #0000ff;\" href=\"https:\/\/finslot.net\/arkisto\/wp-content\/uploads\/2022\/03\/Fleischmann-Auto-Rallye-1974-de-hinnasto.pdf\">Fleischmann Auto-Rallye 1974 de hinnasto<\/a><\/span><\/p>\n<p style=\"padding-left: 40px;\"><span style=\"color: #0000ff;\"><a style=\"color: #0000ff;\" href=\"https:\/\/finslot.net\/arkisto\/wp-content\/uploads\/2022\/03\/Fleischmann-Auto-Rallye-1978-1979-de-hinnasto.pdf\">Fleischmann Auto-Rallye 1978-1979 de hinnasto<\/a><\/span><\/p>\n<p style=\"padding-left: 40px;\"><span style=\"color: #0000ff;\"><a style=\"color: #0000ff;\" href=\"https:\/\/finslot.net\/arkisto\/wp-content\/uploads\/2022\/03\/Fleischmann-Auto-Rallye-1982-1983-de-hinnasto.pdf\">Fleischmann Auto-Rallye 1982-1983 de hinnasto<\/a><\/span><\/p>\n<p style=\"padding-left: 40px;\"><span style=\"color: #0000ff;\"><a style=\"color: #0000ff;\" href=\"https:\/\/finslot.net\/arkisto\/wp-content\/uploads\/2022\/03\/Fleischmann-Auto-Rallye-1983-1984-de-hinnasto.pdf\">Fleischmann Auto-Rallye 1983-1984 de hinnasto<\/a><\/span><\/p>\n<p>&nbsp;<\/p>\n","protected":false},"excerpt":{"rendered":"<p>Alla olevat katalogit l\u00f6ytynee kaikki itselt\u00e4ni, olen ne p\u00e4\u00e4s\u00e4\u00e4nt\u00f6isesti hankkinut ebayn ja huutonetin kautta. Lopussa on koodia &#8211; josta n\u00e4kee mink\u00e4 kielisest\u00e4 versiosta kyse. Hienoa ett\u00e4 Suomalainen kataloki on ensimm\u00e4isen\u00e4 listoilla ja sen mukana tuli my\u00f6s hinnasto joka on tuolla alempana. T\u00e4\u00e4ll\u00e4 pit\u00e4isi olla tietojeni mukaan ihan kaikki FAR katalokit &#8211; joissa on nimen omaan [&hellip;]<\/p>\n","protected":false},"author":3,"featured_media":0,"parent":0,"menu_order":0,"comment_status":"closed","ping_status":"closed","template":"","meta":{"footnotes":""},"class_list":["post-285","page","type-page","status-publish","hentry"],"_links":{"self":[{"href":"https:\/\/finslot.net\/arkisto\/wp-json\/wp\/v2\/pages\/285","targetHints":{"allow":["GET"]}}],"collection":[{"href":"https:\/\/finslot.net\/arkisto\/wp-json\/wp\/v2\/pages"}],"about":[{"href":"https:\/\/finslot.net\/arkisto\/wp-json\/wp\/v2\/types\/page"}],"author":[{"embeddable":true,"href":"https:\/\/finslot.net\/arkisto\/wp-json\/wp\/v2\/users\/3"}],"replies":[{"embeddable":true,"href":"https:\/\/finslot.net\/arkisto\/wp-json\/wp\/v2\/comments?post=285"}],"version-history":[{"count":7,"href":"https:\/\/finslot.net\/arkisto\/wp-json\/wp\/v2\/pages\/285\/revisions"}],"predecessor-version":[{"id":325,"href":"https:\/\/finslot.net\/arkisto\/wp-json\/wp\/v2\/pages\/285\/revisions\/325"}],"wp:attachment":[{"href":"https:\/\/finslot.net\/arkisto\/wp-json\/wp\/v2\/media?parent=285"}],"curies":[{"name":"wp","href":"https:\/\/api.w.org\/{rel}","templated":true}]}}