{"id":363,"date":"2022-03-26T13:13:24","date_gmt":"2022-03-26T11:13:24","guid":{"rendered":"https:\/\/finslot.net\/arkisto\/?page_id=363"},"modified":"2022-03-26T13:13:52","modified_gmt":"2022-03-26T11:13:52","slug":"suomen-autoklubi","status":"publish","type":"page","link":"https:\/\/finslot.net\/arkisto\/suomen-autoklubi\/","title":{"rendered":"Suomen Autoklubi"},"content":{"rendered":"<p>&nbsp;<\/p>\n<p><a href=\"https:\/\/finslot.net\/arkisto\/wp-content\/uploads\/2022\/03\/AutoKlubi_Saannot_1968.pdf\">AutoKlubi_S\u00e4\u00e4nn\u00f6t_1968<\/a><\/p>\n<p><a href=\"https:\/\/finslot.net\/arkisto\/wp-content\/uploads\/2022\/03\/AutoKlubi_Saannot_1969.pdf\">AutoKlubi_S\u00e4\u00e4nn\u00f6t_1969<\/a><\/p>\n","protected":false},"excerpt":{"rendered":"<p>&nbsp; AutoKlubi_S\u00e4\u00e4nn\u00f6t_1968 AutoKlubi_S\u00e4\u00e4nn\u00f6t_1969<\/p>\n","protected":false},"author":3,"featured_media":0,"parent":0,"menu_order":0,"comment_status":"closed","ping_status":"closed","template":"","meta":{"footnotes":""},"class_list":["post-363","page","type-page","status-publish","hentry"],"_links":{"self":[{"href":"https:\/\/finslot.net\/arkisto\/wp-json\/wp\/v2\/pages\/363","targetHints":{"allow":["GET"]}}],"collection":[{"href":"https:\/\/finslot.net\/arkisto\/wp-json\/wp\/v2\/pages"}],"about":[{"href":"https:\/\/finslot.net\/arkisto\/wp-json\/wp\/v2\/types\/page"}],"author":[{"embeddable":true,"href":"https:\/\/finslot.net\/arkisto\/wp-json\/wp\/v2\/users\/3"}],"replies":[{"embeddable":true,"href":"https:\/\/finslot.net\/arkisto\/wp-json\/wp\/v2\/comments?post=363"}],"version-history":[{"count":2,"href":"https:\/\/finslot.net\/arkisto\/wp-json\/wp\/v2\/pages\/363\/revisions"}],"predecessor-version":[{"id":365,"href":"https:\/\/finslot.net\/arkisto\/wp-json\/wp\/v2\/pages\/363\/revisions\/365"}],"wp:attachment":[{"href":"https:\/\/finslot.net\/arkisto\/wp-json\/wp\/v2\/media?parent=363"}],"curies":[{"name":"wp","href":"https:\/\/api.w.org\/{rel}","templated":true}]}}