{"id":385,"date":"2022-03-26T13:35:40","date_gmt":"2022-03-26T11:35:40","guid":{"rendered":"https:\/\/finslot.net\/arkisto\/?page_id=385"},"modified":"2022-03-26T13:35:56","modified_gmt":"2022-03-26T11:35:56","slug":"suomen-pienoissahkoautoliitto","status":"publish","type":"page","link":"https:\/\/finslot.net\/arkisto\/suomen-pienoissahkoautoliitto\/","title":{"rendered":"Suomen Pienoiss\u00e4hk\u00f6autoliitto"},"content":{"rendered":"<p><a href=\"https:\/\/finslot.net\/arkisto\/wp-content\/uploads\/2022\/03\/PsaL_Saannot-1967.pdf\">PsaL_S\u00e4\u00e4nn\u00f6t-1967<\/a><\/p>\n","protected":false},"excerpt":{"rendered":"<p>PsaL_S\u00e4\u00e4nn\u00f6t-1967<\/p>\n","protected":false},"author":3,"featured_media":0,"parent":0,"menu_order":0,"comment_status":"closed","ping_status":"closed","template":"","meta":{"footnotes":""},"class_list":["post-385","page","type-page","status-publish","hentry"],"_links":{"self":[{"href":"https:\/\/finslot.net\/arkisto\/wp-json\/wp\/v2\/pages\/385","targetHints":{"allow":["GET"]}}],"collection":[{"href":"https:\/\/finslot.net\/arkisto\/wp-json\/wp\/v2\/pages"}],"about":[{"href":"https:\/\/finslot.net\/arkisto\/wp-json\/wp\/v2\/types\/page"}],"author":[{"embeddable":true,"href":"https:\/\/finslot.net\/arkisto\/wp-json\/wp\/v2\/users\/3"}],"replies":[{"embeddable":true,"href":"https:\/\/finslot.net\/arkisto\/wp-json\/wp\/v2\/comments?post=385"}],"version-history":[{"count":2,"href":"https:\/\/finslot.net\/arkisto\/wp-json\/wp\/v2\/pages\/385\/revisions"}],"predecessor-version":[{"id":387,"href":"https:\/\/finslot.net\/arkisto\/wp-json\/wp\/v2\/pages\/385\/revisions\/387"}],"wp:attachment":[{"href":"https:\/\/finslot.net\/arkisto\/wp-json\/wp\/v2\/media?parent=385"}],"curies":[{"name":"wp","href":"https:\/\/api.w.org\/{rel}","templated":true}]}}