{"id":1184,"date":"2021-12-03T21:20:47","date_gmt":"2021-12-03T19:20:47","guid":{"rendered":"http:\/\/finslot.net\/tumppi\/?page_id=1184"},"modified":"2021-12-11T18:58:04","modified_gmt":"2021-12-11T16:58:04","slug":"irwin-goodman-jari-maki-oy","status":"publish","type":"page","link":"https:\/\/finslot.net\/tumppi\/irwin-goodman-jari-maki-oy\/","title":{"rendered":"Irwin Goodman &#8211; Jari M\u00e4ki Oy"},"content":{"rendered":"<p>Alle olen kirjannut stooria kaverista nimelt\u00e4 Jari M\u00e4ki, jos sulla on tarve ostaa tytt\u00f6yst\u00e4v\u00e4lle\/poikayst\u00e4v\u00e4lle daamille\/is\u00e4nn\u00e4lle tai ihan mit\u00e4 vain&#8230; jos et l\u00f6yd\u00e4 oikeata Lahjaa sille oikealle Jari M\u00e4elt\u00e4 &#8211; niin et sit\u00e4 mist\u00e4\u00e4n muualtakaan l\u00f6yd\u00e4 \ud83d\ude09<\/p>\n<p>Jari M\u00e4ki Oy, ja miten Jari liittynee Irwin maailmaan ?<\/p>\n<p><a href=\"https:\/\/www.jarimaki.fi\/\" target=\"_blank\" rel=\"noopener\">Kuka on Jari ?<\/a><\/p>\n<p><a href=\"https:\/\/yle.fi\/uutiset\/3-11620986\">Koskenkorvan seriffin luotto Trumpiin ei horju \u2013 Jari M\u00e4ki uskoo idoliinsa n\u00e4iss\u00e4kin vaaleissa ja on valmis liputtamaan t\u00e4m\u00e4n toiselle kaudelle (yle.fi)<\/a><\/p>\n<p><a href=\"https:\/\/www.iltalehti.fi\/viihde\/a\/2016041821438624\">Joel Hallikaisella my\u00f6s Kari Tapion kitara &#8211; tunnettu ker\u00e4ilij\u00e4 osti omakseen (iltalehti.fi)<\/a><\/p>\n<p>&nbsp;<\/p>\n<p><img fetchpriority=\"high\" decoding=\"async\" class=\"alignnone wp-image-1182 size-medium\" src=\"https:\/\/finslot.net\/tumppi\/wp-content\/uploads\/2021\/12\/JariMakiOy-Amerikkalaasuus-225x300.jpg\" alt=\"\" width=\"225\" height=\"300\" srcset=\"https:\/\/finslot.net\/tumppi\/wp-content\/uploads\/2021\/12\/JariMakiOy-Amerikkalaasuus-225x300.jpg 225w, https:\/\/finslot.net\/tumppi\/wp-content\/uploads\/2021\/12\/JariMakiOy-Amerikkalaasuus-768x1024.jpg 768w, https:\/\/finslot.net\/tumppi\/wp-content\/uploads\/2021\/12\/JariMakiOy-Amerikkalaasuus-1152x1536.jpg 1152w, https:\/\/finslot.net\/tumppi\/wp-content\/uploads\/2021\/12\/JariMakiOy-Amerikkalaasuus-1536x2048.jpg 1536w, https:\/\/finslot.net\/tumppi\/wp-content\/uploads\/2021\/12\/JariMakiOy-Amerikkalaasuus-1568x2091.jpg 1568w, https:\/\/finslot.net\/tumppi\/wp-content\/uploads\/2021\/12\/JariMakiOy-Amerikkalaasuus-scaled.jpg 1920w\" sizes=\"(max-width: 225px) 100vw, 225px\" \/><\/p>\n<p>Kuulin tarinaa ja juttua notta Jari M\u00e4ell\u00e4 Koskenkorvalta olisi jotain tekemist\u00e4 Irwinin kanssa &#8221;?&#8221; Noh sit\u00e4 tarinaa piti menn\u00e4 paikan p\u00e4\u00e4lle tutkimaan, eih\u00e4n tuo ole kuin &#8221;kivenheiton&#8221; p\u00e4\u00e4ss\u00e4 \ud83d\ude09\u00a0 ja varmistamaan, mik\u00e4 on stoori ?<\/p>\n<p>Kovin tuo mainittu Amerikkalaasuus tuli esille, mutta onkohan siell\u00e4 takana edes pieni otos peri Suomalaista stooria &#8221;?&#8221;<\/p>\n<p><img decoding=\"async\" class=\"alignnone wp-image-1180 size-medium\" src=\"https:\/\/finslot.net\/tumppi\/wp-content\/uploads\/2021\/12\/JariMakiOy_Kendallinoljy1-300x225.jpg\" alt=\"\" width=\"300\" height=\"225\" srcset=\"https:\/\/finslot.net\/tumppi\/wp-content\/uploads\/2021\/12\/JariMakiOy_Kendallinoljy1-300x225.jpg 300w, https:\/\/finslot.net\/tumppi\/wp-content\/uploads\/2021\/12\/JariMakiOy_Kendallinoljy1-1024x768.jpg 1024w, https:\/\/finslot.net\/tumppi\/wp-content\/uploads\/2021\/12\/JariMakiOy_Kendallinoljy1-768x576.jpg 768w, https:\/\/finslot.net\/tumppi\/wp-content\/uploads\/2021\/12\/JariMakiOy_Kendallinoljy1-1536x1152.jpg 1536w, https:\/\/finslot.net\/tumppi\/wp-content\/uploads\/2021\/12\/JariMakiOy_Kendallinoljy1-2048x1536.jpg 2048w, https:\/\/finslot.net\/tumppi\/wp-content\/uploads\/2021\/12\/JariMakiOy_Kendallinoljy1-1568x1176.jpg 1568w\" sizes=\"(max-width: 300px) 100vw, 300px\" \/><\/p>\n<p>Juu, kovin on Amerikkalaanen meno! En tiennytk\u00e4\u00e4n ett\u00e4 Amerikkalaasten Kendall \u00f6lyvirmalla on pumppaamo meill\u00e4 Etel\u00e4-Pohojanmaalla Koskenkorvan maaper\u00e4ll\u00e4, mutta ei se kerta ole ensimm\u00e4\u00e4nen kun uutta opin \ud83d\ude42<\/p>\n<p>Mutta miten Irwin ja Jari liittynee toisiinsa ??<\/p>\n<p>Tarina Jarin osalta menee sinne -60 luvulle kun Jari oli pikkupoika. Jostain radiosta se iski sinne tajuntaan, &#8221;t\u00e4\u00e4 on kova juttu&#8221;, sitten piti s\u00e4\u00e4st\u00e4\u00e4 kaikki pennit mit\u00e4 jostain sai kasaan- kun oli riitt\u00e4v\u00e4sti rahaa &#8211; niin paikalliseen Essoon (HUOM! sama paikka joka nyt Jarin omistama SEO) ostamaan Irwin kasettia &#8211; soitinta ei ollut, mutta se ei nyt ollut se p\u00e4\u00e4asia, t\u00e4rkeint\u00e4 oli ostaa se kasetti. Joulu -70 tuli, miten ollakaan the Joulupukki toi soittimen &#8211; nyt Jari p\u00e4\u00e4si todella tutustumaan musiikkiin, jonne h\u00e4n oli sielunsa jo aiemmin myynyt.<\/p>\n<p>Kuvassa maaginen Irwinin original jukebox, joka vuosien varrella on ulosottomiehen toimesta monta kertaa &#8221;j\u00e4lleen myyty&#8221;, aina sen Irwinin luottomiehet Irwinille takaisin osti &#8211; jonain p\u00e4iv\u00e4n\u00e4 ei ollut en\u00e4\u00e4 Mestari Irwini\u00e4 &#8211; mutta oli Koskenkorvan Sheriffi the Jari M\u00e4ki joka sen osti &#8211; ja siin\u00e4 se on !<\/p>\n<p><img decoding=\"async\" class=\"alignnone wp-image-1173 size-medium\" src=\"https:\/\/finslot.net\/tumppi\/wp-content\/uploads\/2021\/12\/JariMakiOy_Irwin_Standi-225x300.jpg\" alt=\"\" width=\"225\" height=\"300\" srcset=\"https:\/\/finslot.net\/tumppi\/wp-content\/uploads\/2021\/12\/JariMakiOy_Irwin_Standi-225x300.jpg 225w, https:\/\/finslot.net\/tumppi\/wp-content\/uploads\/2021\/12\/JariMakiOy_Irwin_Standi-768x1024.jpg 768w, https:\/\/finslot.net\/tumppi\/wp-content\/uploads\/2021\/12\/JariMakiOy_Irwin_Standi-1152x1536.jpg 1152w, https:\/\/finslot.net\/tumppi\/wp-content\/uploads\/2021\/12\/JariMakiOy_Irwin_Standi-1536x2048.jpg 1536w, https:\/\/finslot.net\/tumppi\/wp-content\/uploads\/2021\/12\/JariMakiOy_Irwin_Standi-1568x2091.jpg 1568w, https:\/\/finslot.net\/tumppi\/wp-content\/uploads\/2021\/12\/JariMakiOy_Irwin_Standi-scaled.jpg 1920w\" sizes=\"(max-width: 225px) 100vw, 225px\" \/> <img loading=\"lazy\" decoding=\"async\" class=\"alignnone wp-image-1166 size-medium\" src=\"https:\/\/finslot.net\/tumppi\/wp-content\/uploads\/2021\/12\/JariMakiOy_Irwin_Jukebox-ORIGINAL1-225x300.jpg\" alt=\"\" width=\"225\" height=\"300\" srcset=\"https:\/\/finslot.net\/tumppi\/wp-content\/uploads\/2021\/12\/JariMakiOy_Irwin_Jukebox-ORIGINAL1-225x300.jpg 225w, https:\/\/finslot.net\/tumppi\/wp-content\/uploads\/2021\/12\/JariMakiOy_Irwin_Jukebox-ORIGINAL1-768x1024.jpg 768w, https:\/\/finslot.net\/tumppi\/wp-content\/uploads\/2021\/12\/JariMakiOy_Irwin_Jukebox-ORIGINAL1-1152x1536.jpg 1152w, https:\/\/finslot.net\/tumppi\/wp-content\/uploads\/2021\/12\/JariMakiOy_Irwin_Jukebox-ORIGINAL1-1536x2048.jpg 1536w, https:\/\/finslot.net\/tumppi\/wp-content\/uploads\/2021\/12\/JariMakiOy_Irwin_Jukebox-ORIGINAL1-1568x2091.jpg 1568w, https:\/\/finslot.net\/tumppi\/wp-content\/uploads\/2021\/12\/JariMakiOy_Irwin_Jukebox-ORIGINAL1-scaled.jpg 1920w\" sizes=\"(max-width: 225px) 100vw, 225px\" \/><\/p>\n<p>Mit\u00e4s muuta kuvissa on ??<\/p>\n<p>Tarkempi zoomailu kertoo, ett\u00e4 maagisesti menn\u00e4\u00e4n jonkun lakin tarinaan, noh &#8221;tunnetusti&#8221; Irwiiniin n\u00e4it\u00e4 stooreja liittynee&#8230; enempi aiheesta tai vierest\u00e4 mutta mites t\u00e4m\u00e4 lakki liittyy Mestari Irwiniin ? Sen meille kertoo Sheriffi Jari M\u00e4ki Itse &#8230;<\/p>\n<p><img loading=\"lazy\" decoding=\"async\" class=\"alignnone wp-image-1174 size-medium\" src=\"https:\/\/finslot.net\/tumppi\/wp-content\/uploads\/2021\/12\/JariMakiOy_Irwin1-300x225.jpg\" alt=\"\" width=\"300\" height=\"225\" srcset=\"https:\/\/finslot.net\/tumppi\/wp-content\/uploads\/2021\/12\/JariMakiOy_Irwin1-300x225.jpg 300w, https:\/\/finslot.net\/tumppi\/wp-content\/uploads\/2021\/12\/JariMakiOy_Irwin1-1024x768.jpg 1024w, https:\/\/finslot.net\/tumppi\/wp-content\/uploads\/2021\/12\/JariMakiOy_Irwin1-768x576.jpg 768w, https:\/\/finslot.net\/tumppi\/wp-content\/uploads\/2021\/12\/JariMakiOy_Irwin1-1536x1152.jpg 1536w, https:\/\/finslot.net\/tumppi\/wp-content\/uploads\/2021\/12\/JariMakiOy_Irwin1-2048x1536.jpg 2048w, https:\/\/finslot.net\/tumppi\/wp-content\/uploads\/2021\/12\/JariMakiOy_Irwin1-1568x1176.jpg 1568w\" sizes=\"(max-width: 300px) 100vw, 300px\" \/> <img loading=\"lazy\" decoding=\"async\" class=\"alignnone wp-image-1175 size-thumbnail\" src=\"https:\/\/finslot.net\/tumppi\/wp-content\/uploads\/2021\/12\/JariMakiOy_Jarin-lakki1-150x150.jpg\" alt=\"\" width=\"150\" height=\"150\" \/><\/p>\n<p>Juu, siis vuosi -80! Jari sai sovittua treffit Irwinin luo Lavaj\u00e4rvelle ja hauskaahan siell\u00e4 oli! Irwinin p\u00e4\u00e4ss\u00e4 nimen omaan Jarin lakki! Ei sen enemp\u00e4\u00e4 hienosta tarinasta \ud83d\ude09<\/p>\n<p><img loading=\"lazy\" decoding=\"async\" class=\"alignnone wp-image-1171 size-medium\" src=\"https:\/\/finslot.net\/tumppi\/wp-content\/uploads\/2021\/12\/JariMakiOy_Irwin_Lavajarvi1-300x225.jpg\" alt=\"\" width=\"300\" height=\"225\" srcset=\"https:\/\/finslot.net\/tumppi\/wp-content\/uploads\/2021\/12\/JariMakiOy_Irwin_Lavajarvi1-300x225.jpg 300w, https:\/\/finslot.net\/tumppi\/wp-content\/uploads\/2021\/12\/JariMakiOy_Irwin_Lavajarvi1-1024x768.jpg 1024w, https:\/\/finslot.net\/tumppi\/wp-content\/uploads\/2021\/12\/JariMakiOy_Irwin_Lavajarvi1-768x576.jpg 768w, https:\/\/finslot.net\/tumppi\/wp-content\/uploads\/2021\/12\/JariMakiOy_Irwin_Lavajarvi1-1536x1152.jpg 1536w, https:\/\/finslot.net\/tumppi\/wp-content\/uploads\/2021\/12\/JariMakiOy_Irwin_Lavajarvi1-2048x1536.jpg 2048w, https:\/\/finslot.net\/tumppi\/wp-content\/uploads\/2021\/12\/JariMakiOy_Irwin_Lavajarvi1-1568x1176.jpg 1568w\" sizes=\"(max-width: 300px) 100vw, 300px\" \/> <img loading=\"lazy\" decoding=\"async\" class=\"alignnone wp-image-1172 size-medium\" src=\"https:\/\/finslot.net\/tumppi\/wp-content\/uploads\/2021\/12\/JariMakiOy_Irwin_Lavajarvi2-300x225.jpg\" alt=\"\" width=\"300\" height=\"225\" srcset=\"https:\/\/finslot.net\/tumppi\/wp-content\/uploads\/2021\/12\/JariMakiOy_Irwin_Lavajarvi2-300x225.jpg 300w, https:\/\/finslot.net\/tumppi\/wp-content\/uploads\/2021\/12\/JariMakiOy_Irwin_Lavajarvi2-1024x768.jpg 1024w, https:\/\/finslot.net\/tumppi\/wp-content\/uploads\/2021\/12\/JariMakiOy_Irwin_Lavajarvi2-768x576.jpg 768w, https:\/\/finslot.net\/tumppi\/wp-content\/uploads\/2021\/12\/JariMakiOy_Irwin_Lavajarvi2-1536x1152.jpg 1536w, https:\/\/finslot.net\/tumppi\/wp-content\/uploads\/2021\/12\/JariMakiOy_Irwin_Lavajarvi2-2048x1536.jpg 2048w, https:\/\/finslot.net\/tumppi\/wp-content\/uploads\/2021\/12\/JariMakiOy_Irwin_Lavajarvi2-1568x1176.jpg 1568w\" sizes=\"(max-width: 300px) 100vw, 300px\" \/><\/p>\n<p>Alla muutama kuva Irwinin original Jukeboxista, josta ollut juttua my\u00f6s siit\u00e4 mit\u00e4 kappaleita se sis\u00e4lt\u00e4\u00e4, noh &#8212; siit\u00e4 kuvia ..<\/p>\n<p><img loading=\"lazy\" decoding=\"async\" class=\"alignnone wp-image-1167 size-medium\" src=\"https:\/\/finslot.net\/tumppi\/wp-content\/uploads\/2021\/12\/JariMakiOy_Irwin_Jukebox-ORIGINAL2-300x225.jpg\" alt=\"\" width=\"300\" height=\"225\" srcset=\"https:\/\/finslot.net\/tumppi\/wp-content\/uploads\/2021\/12\/JariMakiOy_Irwin_Jukebox-ORIGINAL2-300x225.jpg 300w, https:\/\/finslot.net\/tumppi\/wp-content\/uploads\/2021\/12\/JariMakiOy_Irwin_Jukebox-ORIGINAL2-1024x768.jpg 1024w, https:\/\/finslot.net\/tumppi\/wp-content\/uploads\/2021\/12\/JariMakiOy_Irwin_Jukebox-ORIGINAL2-768x576.jpg 768w, https:\/\/finslot.net\/tumppi\/wp-content\/uploads\/2021\/12\/JariMakiOy_Irwin_Jukebox-ORIGINAL2-1536x1152.jpg 1536w, https:\/\/finslot.net\/tumppi\/wp-content\/uploads\/2021\/12\/JariMakiOy_Irwin_Jukebox-ORIGINAL2-2048x1536.jpg 2048w, https:\/\/finslot.net\/tumppi\/wp-content\/uploads\/2021\/12\/JariMakiOy_Irwin_Jukebox-ORIGINAL2-1568x1176.jpg 1568w\" sizes=\"(max-width: 300px) 100vw, 300px\" \/> <img loading=\"lazy\" decoding=\"async\" class=\"alignnone wp-image-1168 size-medium\" src=\"https:\/\/finslot.net\/tumppi\/wp-content\/uploads\/2021\/12\/JariMakiOy_Irwin_Jukebox-ORIGINAL3-225x300.jpg\" alt=\"\" width=\"225\" height=\"300\" srcset=\"https:\/\/finslot.net\/tumppi\/wp-content\/uploads\/2021\/12\/JariMakiOy_Irwin_Jukebox-ORIGINAL3-225x300.jpg 225w, https:\/\/finslot.net\/tumppi\/wp-content\/uploads\/2021\/12\/JariMakiOy_Irwin_Jukebox-ORIGINAL3-768x1024.jpg 768w, https:\/\/finslot.net\/tumppi\/wp-content\/uploads\/2021\/12\/JariMakiOy_Irwin_Jukebox-ORIGINAL3-1152x1536.jpg 1152w, https:\/\/finslot.net\/tumppi\/wp-content\/uploads\/2021\/12\/JariMakiOy_Irwin_Jukebox-ORIGINAL3-1536x2048.jpg 1536w, https:\/\/finslot.net\/tumppi\/wp-content\/uploads\/2021\/12\/JariMakiOy_Irwin_Jukebox-ORIGINAL3-1568x2091.jpg 1568w, https:\/\/finslot.net\/tumppi\/wp-content\/uploads\/2021\/12\/JariMakiOy_Irwin_Jukebox-ORIGINAL3-scaled.jpg 1920w\" sizes=\"(max-width: 225px) 100vw, 225px\" \/> <img loading=\"lazy\" decoding=\"async\" class=\"alignnone wp-image-1169 size-medium\" src=\"https:\/\/finslot.net\/tumppi\/wp-content\/uploads\/2021\/12\/JariMakiOy_Irwin_Jukebox-ORIGINAL4-225x300.jpg\" alt=\"\" width=\"225\" height=\"300\" srcset=\"https:\/\/finslot.net\/tumppi\/wp-content\/uploads\/2021\/12\/JariMakiOy_Irwin_Jukebox-ORIGINAL4-225x300.jpg 225w, https:\/\/finslot.net\/tumppi\/wp-content\/uploads\/2021\/12\/JariMakiOy_Irwin_Jukebox-ORIGINAL4-768x1024.jpg 768w, https:\/\/finslot.net\/tumppi\/wp-content\/uploads\/2021\/12\/JariMakiOy_Irwin_Jukebox-ORIGINAL4-1152x1536.jpg 1152w, https:\/\/finslot.net\/tumppi\/wp-content\/uploads\/2021\/12\/JariMakiOy_Irwin_Jukebox-ORIGINAL4-1536x2048.jpg 1536w, https:\/\/finslot.net\/tumppi\/wp-content\/uploads\/2021\/12\/JariMakiOy_Irwin_Jukebox-ORIGINAL4-1568x2091.jpg 1568w, https:\/\/finslot.net\/tumppi\/wp-content\/uploads\/2021\/12\/JariMakiOy_Irwin_Jukebox-ORIGINAL4-scaled.jpg 1920w\" sizes=\"(max-width: 225px) 100vw, 225px\" \/> <img loading=\"lazy\" decoding=\"async\" class=\"alignnone wp-image-1170 size-medium\" src=\"https:\/\/finslot.net\/tumppi\/wp-content\/uploads\/2021\/12\/JariMakiOy_Irwin_Jukebox-ORIGINAL5-225x300.jpg\" alt=\"\" width=\"225\" height=\"300\" srcset=\"https:\/\/finslot.net\/tumppi\/wp-content\/uploads\/2021\/12\/JariMakiOy_Irwin_Jukebox-ORIGINAL5-225x300.jpg 225w, https:\/\/finslot.net\/tumppi\/wp-content\/uploads\/2021\/12\/JariMakiOy_Irwin_Jukebox-ORIGINAL5-768x1024.jpg 768w, https:\/\/finslot.net\/tumppi\/wp-content\/uploads\/2021\/12\/JariMakiOy_Irwin_Jukebox-ORIGINAL5-1152x1536.jpg 1152w, https:\/\/finslot.net\/tumppi\/wp-content\/uploads\/2021\/12\/JariMakiOy_Irwin_Jukebox-ORIGINAL5-1536x2048.jpg 1536w, https:\/\/finslot.net\/tumppi\/wp-content\/uploads\/2021\/12\/JariMakiOy_Irwin_Jukebox-ORIGINAL5-1568x2091.jpg 1568w, https:\/\/finslot.net\/tumppi\/wp-content\/uploads\/2021\/12\/JariMakiOy_Irwin_Jukebox-ORIGINAL5-scaled.jpg 1920w\" sizes=\"(max-width: 225px) 100vw, 225px\" \/><\/p>\n<p>Sen j\u00e4lkeen mentiin autohalliin tutkimaan, mit\u00e4s sielt\u00e4 l\u00f6ytynee&#8230;<\/p>\n<p><img loading=\"lazy\" decoding=\"async\" class=\"alignnone wp-image-1183 size-large\" src=\"https:\/\/finslot.net\/tumppi\/wp-content\/uploads\/2021\/12\/JariMakiOy-Sheriffiautot1-1024x768.jpg\" alt=\"\" width=\"750\" height=\"563\" srcset=\"https:\/\/finslot.net\/tumppi\/wp-content\/uploads\/2021\/12\/JariMakiOy-Sheriffiautot1-1024x768.jpg 1024w, https:\/\/finslot.net\/tumppi\/wp-content\/uploads\/2021\/12\/JariMakiOy-Sheriffiautot1-300x225.jpg 300w, https:\/\/finslot.net\/tumppi\/wp-content\/uploads\/2021\/12\/JariMakiOy-Sheriffiautot1-768x576.jpg 768w, https:\/\/finslot.net\/tumppi\/wp-content\/uploads\/2021\/12\/JariMakiOy-Sheriffiautot1-1536x1152.jpg 1536w, https:\/\/finslot.net\/tumppi\/wp-content\/uploads\/2021\/12\/JariMakiOy-Sheriffiautot1-2048x1536.jpg 2048w, https:\/\/finslot.net\/tumppi\/wp-content\/uploads\/2021\/12\/JariMakiOy-Sheriffiautot1-1568x1176.jpg 1568w\" sizes=\"(max-width: 750px) 100vw, 750px\" \/><\/p>\n<p>The Sheriffi autoja oli monenlaisia, ja my\u00f6s uunituoretta ns FBI autoa, jonka rekkarin omistaja ei liene kenell\u00e4k\u00e4\u00e4n ep\u00e4selv\u00e4\u00e4 kun kohdille osunee \ud83d\ude09 . Olihan special venett\u00e4 my\u00f6s, Kekkosen ja kenen ties Sweamamman kuninkaallisen &#8211; mutta en nyt viitsinyt kallista filmirullaa tuhlata v\u00e4hemm\u00e4n t\u00e4rkeisiin asioihin &#8211; menk\u00e4\u00e4 kattomahan jos kiinnostaa \ud83d\ude09<\/p>\n<p><img loading=\"lazy\" decoding=\"async\" class=\"alignnone wp-image-1176 size-medium\" style=\"background-color: var(--global--color-background); color: var(--global--color-primary); font-family: var(--global--font-secondary); font-size: var(--global--font-size-base);\" src=\"https:\/\/finslot.net\/tumppi\/wp-content\/uploads\/2021\/12\/JariMakiOy_Jeeppi1-225x300.jpg\" alt=\"\" width=\"225\" height=\"300\" srcset=\"https:\/\/finslot.net\/tumppi\/wp-content\/uploads\/2021\/12\/JariMakiOy_Jeeppi1-225x300.jpg 225w, https:\/\/finslot.net\/tumppi\/wp-content\/uploads\/2021\/12\/JariMakiOy_Jeeppi1-768x1024.jpg 768w, https:\/\/finslot.net\/tumppi\/wp-content\/uploads\/2021\/12\/JariMakiOy_Jeeppi1-1152x1536.jpg 1152w, https:\/\/finslot.net\/tumppi\/wp-content\/uploads\/2021\/12\/JariMakiOy_Jeeppi1-1536x2048.jpg 1536w, https:\/\/finslot.net\/tumppi\/wp-content\/uploads\/2021\/12\/JariMakiOy_Jeeppi1-1568x2091.jpg 1568w, https:\/\/finslot.net\/tumppi\/wp-content\/uploads\/2021\/12\/JariMakiOy_Jeeppi1-scaled.jpg 1920w\" sizes=\"(max-width: 225px) 100vw, 225px\" \/>\u00a0 \u00a0<img loading=\"lazy\" decoding=\"async\" class=\"alignnone wp-image-1181 size-medium\" style=\"color: var(--global--color-primary); font-family: var(--global--font-secondary); font-size: var(--global--font-size-base);\" src=\"https:\/\/finslot.net\/tumppi\/wp-content\/uploads\/2021\/12\/JariMakiOy_OneandOnly-225x300.jpg\" alt=\"\" width=\"225\" height=\"300\" srcset=\"https:\/\/finslot.net\/tumppi\/wp-content\/uploads\/2021\/12\/JariMakiOy_OneandOnly-225x300.jpg 225w, https:\/\/finslot.net\/tumppi\/wp-content\/uploads\/2021\/12\/JariMakiOy_OneandOnly-768x1024.jpg 768w, https:\/\/finslot.net\/tumppi\/wp-content\/uploads\/2021\/12\/JariMakiOy_OneandOnly-1152x1536.jpg 1152w, https:\/\/finslot.net\/tumppi\/wp-content\/uploads\/2021\/12\/JariMakiOy_OneandOnly-1536x2048.jpg 1536w, https:\/\/finslot.net\/tumppi\/wp-content\/uploads\/2021\/12\/JariMakiOy_OneandOnly-1568x2091.jpg 1568w, https:\/\/finslot.net\/tumppi\/wp-content\/uploads\/2021\/12\/JariMakiOy_OneandOnly-scaled.jpg 1920w\" sizes=\"(max-width: 225px) 100vw, 225px\" \/><\/p>\n<p>Siin\u00e4 se maaginen &#8221;Poing Poing Poing&#8221; Jeeppi, siell\u00e4 se on &#8211; ja tyytyv\u00e4inen omistaja ratissa !<\/p>\n<p>Jeeppi on matkan varrella entis\u00f6ity, mutta onneksi entis\u00f6ij\u00e4 j\u00e4tti nuo alla olevat osat koskematta ja p\u00e4\u00e4tti ne my\u00f6s s\u00e4ilytt\u00e4\u00e4.<\/p>\n<p><img loading=\"lazy\" decoding=\"async\" class=\"alignnone wp-image-1178 size-medium\" src=\"https:\/\/finslot.net\/tumppi\/wp-content\/uploads\/2021\/12\/JariMakiOy_Jeeppi3-300x225.jpg\" alt=\"\" width=\"300\" height=\"225\" srcset=\"https:\/\/finslot.net\/tumppi\/wp-content\/uploads\/2021\/12\/JariMakiOy_Jeeppi3-300x225.jpg 300w, https:\/\/finslot.net\/tumppi\/wp-content\/uploads\/2021\/12\/JariMakiOy_Jeeppi3-1024x768.jpg 1024w, https:\/\/finslot.net\/tumppi\/wp-content\/uploads\/2021\/12\/JariMakiOy_Jeeppi3-768x576.jpg 768w, https:\/\/finslot.net\/tumppi\/wp-content\/uploads\/2021\/12\/JariMakiOy_Jeeppi3-1536x1152.jpg 1536w, https:\/\/finslot.net\/tumppi\/wp-content\/uploads\/2021\/12\/JariMakiOy_Jeeppi3-2048x1536.jpg 2048w, https:\/\/finslot.net\/tumppi\/wp-content\/uploads\/2021\/12\/JariMakiOy_Jeeppi3-1568x1176.jpg 1568w\" sizes=\"(max-width: 300px) 100vw, 300px\" \/>\u00a0<img loading=\"lazy\" decoding=\"async\" class=\"alignnone wp-image-1177 size-medium\" src=\"https:\/\/finslot.net\/tumppi\/wp-content\/uploads\/2021\/12\/JariMakiOy_Jeeppi2-300x225.jpg\" alt=\"\" width=\"300\" height=\"225\" srcset=\"https:\/\/finslot.net\/tumppi\/wp-content\/uploads\/2021\/12\/JariMakiOy_Jeeppi2-300x225.jpg 300w, https:\/\/finslot.net\/tumppi\/wp-content\/uploads\/2021\/12\/JariMakiOy_Jeeppi2-1024x768.jpg 1024w, https:\/\/finslot.net\/tumppi\/wp-content\/uploads\/2021\/12\/JariMakiOy_Jeeppi2-768x576.jpg 768w, https:\/\/finslot.net\/tumppi\/wp-content\/uploads\/2021\/12\/JariMakiOy_Jeeppi2-1536x1152.jpg 1536w, https:\/\/finslot.net\/tumppi\/wp-content\/uploads\/2021\/12\/JariMakiOy_Jeeppi2-2048x1536.jpg 2048w, https:\/\/finslot.net\/tumppi\/wp-content\/uploads\/2021\/12\/JariMakiOy_Jeeppi2-1568x1176.jpg 1568w\" sizes=\"(max-width: 300px) 100vw, 300px\" \/><\/p>\n<p>&nbsp;<\/p>\n","protected":false},"excerpt":{"rendered":"<p>Alle olen kirjannut stooria kaverista nimelt\u00e4 Jari M\u00e4ki, jos sulla on tarve ostaa tytt\u00f6yst\u00e4v\u00e4lle\/poikayst\u00e4v\u00e4lle daamille\/is\u00e4nn\u00e4lle tai ihan mit\u00e4 vain&#8230; jos et l\u00f6yd\u00e4 oikeata Lahjaa sille oikealle Jari M\u00e4elt\u00e4 &#8211; niin et sit\u00e4 mist\u00e4\u00e4n muualtakaan l\u00f6yd\u00e4 \ud83d\ude09 Jari M\u00e4ki Oy, ja miten Jari liittynee Irwin maailmaan ? Kuka on Jari ? Koskenkorvan seriffin luotto Trumpiin ei&hellip; <a class=\"more-link\" href=\"https:\/\/finslot.net\/tumppi\/irwin-goodman-jari-maki-oy\/\">Jatka lukemista <span class=\"screen-reader-text\">Irwin Goodman &#8211; Jari M\u00e4ki Oy<\/span><\/a><\/p>\n","protected":false},"author":1,"featured_media":1165,"parent":0,"menu_order":0,"comment_status":"closed","ping_status":"closed","template":"","meta":{"footnotes":""},"class_list":["post-1184","page","type-page","status-publish","has-post-thumbnail","hentry","entry"],"_links":{"self":[{"href":"https:\/\/finslot.net\/tumppi\/wp-json\/wp\/v2\/pages\/1184","targetHints":{"allow":["GET"]}}],"collection":[{"href":"https:\/\/finslot.net\/tumppi\/wp-json\/wp\/v2\/pages"}],"about":[{"href":"https:\/\/finslot.net\/tumppi\/wp-json\/wp\/v2\/types\/page"}],"author":[{"embeddable":true,"href":"https:\/\/finslot.net\/tumppi\/wp-json\/wp\/v2\/users\/1"}],"replies":[{"embeddable":true,"href":"https:\/\/finslot.net\/tumppi\/wp-json\/wp\/v2\/comments?post=1184"}],"version-history":[{"count":21,"href":"https:\/\/finslot.net\/tumppi\/wp-json\/wp\/v2\/pages\/1184\/revisions"}],"predecessor-version":[{"id":1236,"href":"https:\/\/finslot.net\/tumppi\/wp-json\/wp\/v2\/pages\/1184\/revisions\/1236"}],"wp:featuredmedia":[{"embeddable":true,"href":"https:\/\/finslot.net\/tumppi\/wp-json\/wp\/v2\/media\/1165"}],"wp:attachment":[{"href":"https:\/\/finslot.net\/tumppi\/wp-json\/wp\/v2\/media?parent=1184"}],"curies":[{"name":"wp","href":"https:\/\/api.w.org\/{rel}","templated":true}]}}