{"id":1218,"date":"2021-12-11T13:59:41","date_gmt":"2021-12-11T11:59:41","guid":{"rendered":"http:\/\/finslot.net\/tumppi\/?page_id=1218"},"modified":"2021-12-11T14:29:50","modified_gmt":"2021-12-11T12:29:50","slug":"irwin-goodman-laulu-ja-nuottikirjat-lpt","status":"publish","type":"page","link":"https:\/\/finslot.net\/tumppi\/irwin-goodman-laulu-ja-nuottikirjat-lpt\/","title":{"rendered":"Irwin Goodman laulu- ja nuottikirjat, LP:t"},"content":{"rendered":"<p>N\u00e4m\u00e4 Irwin Goodman laulu- ja nuottikirjat olen kuvannut Timo Rinta-ahon Irwin Goodman kokoelmasta.<\/p>\n<p><em><strong>LP:t<\/strong><\/em><\/p>\n<p>Ja alla on kaikki LP versioiden ko. teokset pl. 2a versio, jonka olen &#8221;vapaasti&#8221; kopioinut internetin tarjonnasta \ud83d\ude42 &#8230; JOS omistat kyseisen teoksen &#8211; otan mielell\u00e4ni kuvat vastaan etu- ja takakannesta ja julkaisen ne t\u00e4\u00e4ll\u00e4 muiden fanien\/ker\u00e4ilij\u00f6iden iloksi, nimell\u00e4si tai kuten haluat!<\/p>\n<p><strong>1a Irwin Goodman laulukirja, <\/strong>FM 4586 Finndisc, 1965<\/p>\n<p><img fetchpriority=\"high\" decoding=\"async\" class=\"alignnone wp-image-980\" src=\"https:\/\/finslot.net\/tumppi\/wp-content\/uploads\/2021\/10\/1-Irwin_Goodman_laulukirja_a-1024x692.jpg\" alt=\"\" width=\"500\" height=\"338\" srcset=\"https:\/\/finslot.net\/tumppi\/wp-content\/uploads\/2021\/10\/1-Irwin_Goodman_laulukirja_a-1024x692.jpg 1024w, https:\/\/finslot.net\/tumppi\/wp-content\/uploads\/2021\/10\/1-Irwin_Goodman_laulukirja_a-300x203.jpg 300w, https:\/\/finslot.net\/tumppi\/wp-content\/uploads\/2021\/10\/1-Irwin_Goodman_laulukirja_a-768x519.jpg 768w, https:\/\/finslot.net\/tumppi\/wp-content\/uploads\/2021\/10\/1-Irwin_Goodman_laulukirja_a.jpg 1048w\" sizes=\"(max-width: 500px) 100vw, 500px\" \/><\/p>\n<p><strong>1b Irwin Goodman laulukirja,<\/strong> FM 4586 Fazer, 1966<\/p>\n<p><img decoding=\"async\" class=\"alignnone wp-image-981\" src=\"https:\/\/finslot.net\/tumppi\/wp-content\/uploads\/2021\/10\/1-Irwin_Goodman_laulukirja_b-1024x673.jpg\" alt=\"\" width=\"500\" height=\"329\" srcset=\"https:\/\/finslot.net\/tumppi\/wp-content\/uploads\/2021\/10\/1-Irwin_Goodman_laulukirja_b-1024x673.jpg 1024w, https:\/\/finslot.net\/tumppi\/wp-content\/uploads\/2021\/10\/1-Irwin_Goodman_laulukirja_b-300x197.jpg 300w, https:\/\/finslot.net\/tumppi\/wp-content\/uploads\/2021\/10\/1-Irwin_Goodman_laulukirja_b-768x505.jpg 768w, https:\/\/finslot.net\/tumppi\/wp-content\/uploads\/2021\/10\/1-Irwin_Goodman_laulukirja_b.jpg 1079w\" sizes=\"(max-width: 500px) 100vw, 500px\" \/><\/p>\n<p><strong>2a Irwin Goodman laulukirja 2, <\/strong>FM 4587 Finndisc, 1966<\/p>\n<p>( t\u00e4m\u00e4n kuvan olen &#8221;vapaasti kopioinut netist\u00e4 )<\/p>\n<p><img decoding=\"async\" class=\"alignnone wp-image-982\" src=\"https:\/\/finslot.net\/tumppi\/wp-content\/uploads\/2021\/10\/2-Irwin_Goodman_laulukirja_2a-x.jpg\" alt=\"\" width=\"500\" height=\"371\" srcset=\"https:\/\/finslot.net\/tumppi\/wp-content\/uploads\/2021\/10\/2-Irwin_Goodman_laulukirja_2a-x.jpg 958w, https:\/\/finslot.net\/tumppi\/wp-content\/uploads\/2021\/10\/2-Irwin_Goodman_laulukirja_2a-x-300x222.jpg 300w, https:\/\/finslot.net\/tumppi\/wp-content\/uploads\/2021\/10\/2-Irwin_Goodman_laulukirja_2a-x-768x569.jpg 768w\" sizes=\"(max-width: 500px) 100vw, 500px\" \/><\/p>\n<p><strong>2b Irwin Goodman laulukirja 2,<\/strong> FM 4587 Fazer, 1966<\/p>\n<p><img loading=\"lazy\" decoding=\"async\" class=\"alignnone wp-image-983\" src=\"https:\/\/finslot.net\/tumppi\/wp-content\/uploads\/2021\/10\/2-Irwin_Goodman_laulukirja_2b-1024x673.jpg\" alt=\"\" width=\"500\" height=\"329\" srcset=\"https:\/\/finslot.net\/tumppi\/wp-content\/uploads\/2021\/10\/2-Irwin_Goodman_laulukirja_2b-1024x673.jpg 1024w, https:\/\/finslot.net\/tumppi\/wp-content\/uploads\/2021\/10\/2-Irwin_Goodman_laulukirja_2b-300x197.jpg 300w, https:\/\/finslot.net\/tumppi\/wp-content\/uploads\/2021\/10\/2-Irwin_Goodman_laulukirja_2b-768x505.jpg 768w, https:\/\/finslot.net\/tumppi\/wp-content\/uploads\/2021\/10\/2-Irwin_Goodman_laulukirja_2b.jpg 1077w\" sizes=\"(max-width: 500px) 100vw, 500px\" \/><\/p>\n<p><strong>3 Irwin Goodman laulukirja of Napoleon, <\/strong>FM 4593, 1966<\/p>\n<p><img loading=\"lazy\" decoding=\"async\" class=\"alignnone wp-image-963\" src=\"https:\/\/finslot.net\/tumppi\/wp-content\/uploads\/2021\/10\/3-Irwin_Goodman_laulukirja_of_Napoleon-1024x668.jpg\" alt=\"\" width=\"500\" height=\"326\" srcset=\"https:\/\/finslot.net\/tumppi\/wp-content\/uploads\/2021\/10\/3-Irwin_Goodman_laulukirja_of_Napoleon-1024x668.jpg 1024w, https:\/\/finslot.net\/tumppi\/wp-content\/uploads\/2021\/10\/3-Irwin_Goodman_laulukirja_of_Napoleon-300x196.jpg 300w, https:\/\/finslot.net\/tumppi\/wp-content\/uploads\/2021\/10\/3-Irwin_Goodman_laulukirja_of_Napoleon-768x501.jpg 768w, https:\/\/finslot.net\/tumppi\/wp-content\/uploads\/2021\/10\/3-Irwin_Goodman_laulukirja_of_Napoleon.jpg 1087w\" sizes=\"(max-width: 500px) 100vw, 500px\" \/><\/p>\n<p><strong>4 Irwin Goodman laulukirja 4,<\/strong> FM 4668, 1966<\/p>\n<p><img loading=\"lazy\" decoding=\"async\" class=\"alignnone wp-image-964\" src=\"https:\/\/finslot.net\/tumppi\/wp-content\/uploads\/2021\/10\/4-Irwin_Goodman_laulukirja_4-1024x666.jpg\" alt=\"\" width=\"500\" height=\"325\" srcset=\"https:\/\/finslot.net\/tumppi\/wp-content\/uploads\/2021\/10\/4-Irwin_Goodman_laulukirja_4-1024x666.jpg 1024w, https:\/\/finslot.net\/tumppi\/wp-content\/uploads\/2021\/10\/4-Irwin_Goodman_laulukirja_4-300x195.jpg 300w, https:\/\/finslot.net\/tumppi\/wp-content\/uploads\/2021\/10\/4-Irwin_Goodman_laulukirja_4-768x500.jpg 768w, https:\/\/finslot.net\/tumppi\/wp-content\/uploads\/2021\/10\/4-Irwin_Goodman_laulukirja_4.jpg 1088w\" sizes=\"(max-width: 500px) 100vw, 500px\" \/><\/p>\n<p><strong>5 Irwin Goodman, <\/strong>FM 4856, 1968<\/p>\n<p><img loading=\"lazy\" decoding=\"async\" class=\"alignnone wp-image-965\" src=\"https:\/\/finslot.net\/tumppi\/wp-content\/uploads\/2021\/10\/5-Irwin_Goodman-2-1024x666.jpg\" alt=\"\" width=\"500\" height=\"325\" srcset=\"https:\/\/finslot.net\/tumppi\/wp-content\/uploads\/2021\/10\/5-Irwin_Goodman-2-1024x666.jpg 1024w, https:\/\/finslot.net\/tumppi\/wp-content\/uploads\/2021\/10\/5-Irwin_Goodman-2-300x195.jpg 300w, https:\/\/finslot.net\/tumppi\/wp-content\/uploads\/2021\/10\/5-Irwin_Goodman-2-768x500.jpg 768w, https:\/\/finslot.net\/tumppi\/wp-content\/uploads\/2021\/10\/5-Irwin_Goodman-2.jpg 1090w\" sizes=\"(max-width: 500px) 100vw, 500px\" \/><\/p>\n<p><strong>6 Irwin,<\/strong> FM 105093, 1970<\/p>\n<p><img loading=\"lazy\" decoding=\"async\" class=\"alignnone wp-image-966\" src=\"https:\/\/finslot.net\/tumppi\/wp-content\/uploads\/2021\/10\/6-Irwin.jpg\" alt=\"\" width=\"500\" height=\"352\" srcset=\"https:\/\/finslot.net\/tumppi\/wp-content\/uploads\/2021\/10\/6-Irwin.jpg 1006w, https:\/\/finslot.net\/tumppi\/wp-content\/uploads\/2021\/10\/6-Irwin-300x211.jpg 300w, https:\/\/finslot.net\/tumppi\/wp-content\/uploads\/2021\/10\/6-Irwin-768x541.jpg 768w\" sizes=\"(max-width: 500px) 100vw, 500px\" \/><\/p>\n<p><strong>7 St. Pauli ja Reeperbahn,<\/strong> FM 105126, 1971<\/p>\n<p><img loading=\"lazy\" decoding=\"async\" class=\"alignnone wp-image-967\" src=\"https:\/\/finslot.net\/tumppi\/wp-content\/uploads\/2021\/10\/7-St_Pauli_ja_Reeperbahn.jpg\" alt=\"\" width=\"500\" height=\"351\" srcset=\"https:\/\/finslot.net\/tumppi\/wp-content\/uploads\/2021\/10\/7-St_Pauli_ja_Reeperbahn.jpg 1010w, https:\/\/finslot.net\/tumppi\/wp-content\/uploads\/2021\/10\/7-St_Pauli_ja_Reeperbahn-300x211.jpg 300w, https:\/\/finslot.net\/tumppi\/wp-content\/uploads\/2021\/10\/7-St_Pauli_ja_Reeperbahn-768x539.jpg 768w\" sizes=\"(max-width: 500px) 100vw, 500px\" \/><\/p>\n<p><strong>8 Poing poing poing,<\/strong> FM 105253, 1972<\/p>\n<p><img loading=\"lazy\" decoding=\"async\" class=\"alignnone wp-image-968\" src=\"https:\/\/finslot.net\/tumppi\/wp-content\/uploads\/2021\/10\/8-Poing_poing_poing.jpg\" alt=\"\" width=\"500\" height=\"351\" srcset=\"https:\/\/finslot.net\/tumppi\/wp-content\/uploads\/2021\/10\/8-Poing_poing_poing.jpg 1010w, https:\/\/finslot.net\/tumppi\/wp-content\/uploads\/2021\/10\/8-Poing_poing_poing-300x211.jpg 300w, https:\/\/finslot.net\/tumppi\/wp-content\/uploads\/2021\/10\/8-Poing_poing_poing-768x539.jpg 768w\" sizes=\"(max-width: 500px) 100vw, 500px\" \/><\/p>\n<p><strong>9 Irwin Goodman,<\/strong> FM 105346, 1973<\/p>\n<p><img loading=\"lazy\" decoding=\"async\" class=\"alignnone wp-image-969\" src=\"https:\/\/finslot.net\/tumppi\/wp-content\/uploads\/2021\/10\/9-Irwin_Goodman.jpg\" alt=\"\" width=\"500\" height=\"351\" srcset=\"https:\/\/finslot.net\/tumppi\/wp-content\/uploads\/2021\/10\/9-Irwin_Goodman.jpg 1011w, https:\/\/finslot.net\/tumppi\/wp-content\/uploads\/2021\/10\/9-Irwin_Goodman-300x210.jpg 300w, https:\/\/finslot.net\/tumppi\/wp-content\/uploads\/2021\/10\/9-Irwin_Goodman-768x539.jpg 768w\" sizes=\"(max-width: 500px) 100vw, 500px\" \/><\/p>\n<p><strong>10 Kohta taas on joulu,<\/strong> FM 105459, 1973<\/p>\n<p><img loading=\"lazy\" decoding=\"async\" class=\"alignnone wp-image-970\" src=\"https:\/\/finslot.net\/tumppi\/wp-content\/uploads\/2021\/10\/10-Kohta_taas_on_joulu.jpg\" alt=\"\" width=\"500\" height=\"355\" srcset=\"https:\/\/finslot.net\/tumppi\/wp-content\/uploads\/2021\/10\/10-Kohta_taas_on_joulu.jpg 1000w, https:\/\/finslot.net\/tumppi\/wp-content\/uploads\/2021\/10\/10-Kohta_taas_on_joulu-300x213.jpg 300w, https:\/\/finslot.net\/tumppi\/wp-content\/uploads\/2021\/10\/10-Kohta_taas_on_joulu-768x545.jpg 768w\" sizes=\"(max-width: 500px) 100vw, 500px\" \/><\/p>\n<p><strong>11 Si si si,<\/strong> FM 105557, 1974<\/p>\n<p><img loading=\"lazy\" decoding=\"async\" class=\"alignnone wp-image-971\" src=\"https:\/\/finslot.net\/tumppi\/wp-content\/uploads\/2021\/10\/11-Si_si_si.jpg\" alt=\"\" width=\"500\" height=\"351\" srcset=\"https:\/\/finslot.net\/tumppi\/wp-content\/uploads\/2021\/10\/11-Si_si_si.jpg 1010w, https:\/\/finslot.net\/tumppi\/wp-content\/uploads\/2021\/10\/11-Si_si_si-300x211.jpg 300w, https:\/\/finslot.net\/tumppi\/wp-content\/uploads\/2021\/10\/11-Si_si_si-768x539.jpg 768w\" sizes=\"(max-width: 500px) 100vw, 500px\" \/><\/p>\n<p><strong>12 5 Irwini\u00e4,<\/strong> FM 05684-6, 1974<\/p>\n<p><img loading=\"lazy\" decoding=\"async\" class=\"alignnone wp-image-972\" src=\"https:\/\/finslot.net\/tumppi\/wp-content\/uploads\/2021\/10\/12-5_Irwinia.jpg\" alt=\"\" width=\"500\" height=\"357\" srcset=\"https:\/\/finslot.net\/tumppi\/wp-content\/uploads\/2021\/10\/12-5_Irwinia.jpg 993w, https:\/\/finslot.net\/tumppi\/wp-content\/uploads\/2021\/10\/12-5_Irwinia-300x214.jpg 300w, https:\/\/finslot.net\/tumppi\/wp-content\/uploads\/2021\/10\/12-5_Irwinia-768x548.jpg 768w\" sizes=\"(max-width: 500px) 100vw, 500px\" \/><\/p>\n<p><strong>13 H\u00e4irikk\u00f6,<\/strong> FM 05983-2, 1977<\/p>\n<p><img loading=\"lazy\" decoding=\"async\" class=\"alignnone wp-image-973\" src=\"https:\/\/finslot.net\/tumppi\/wp-content\/uploads\/2021\/10\/13-Hairikko.jpg\" alt=\"\" width=\"500\" height=\"354\" srcset=\"https:\/\/finslot.net\/tumppi\/wp-content\/uploads\/2021\/10\/13-Hairikko.jpg 1001w, https:\/\/finslot.net\/tumppi\/wp-content\/uploads\/2021\/10\/13-Hairikko-300x212.jpg 300w, https:\/\/finslot.net\/tumppi\/wp-content\/uploads\/2021\/10\/13-Hairikko-768x544.jpg 768w\" sizes=\"(max-width: 500px) 100vw, 500px\" \/><\/p>\n<p><strong>14 Cha cha cha,<\/strong> FM 06224-0, 1978<\/p>\n<p><img loading=\"lazy\" decoding=\"async\" class=\"alignnone wp-image-974\" src=\"https:\/\/finslot.net\/tumppi\/wp-content\/uploads\/2021\/10\/14-Cha_cha_cha.jpg\" alt=\"\" width=\"500\" height=\"352\" srcset=\"https:\/\/finslot.net\/tumppi\/wp-content\/uploads\/2021\/10\/14-Cha_cha_cha.jpg 1006w, https:\/\/finslot.net\/tumppi\/wp-content\/uploads\/2021\/10\/14-Cha_cha_cha-300x211.jpg 300w, https:\/\/finslot.net\/tumppi\/wp-content\/uploads\/2021\/10\/14-Cha_cha_cha-768x541.jpg 768w\" sizes=\"(max-width: 500px) 100vw, 500px\" \/><\/p>\n<p><strong>15 Inkkareita ja l\u00e4nkk\u00e4reit\u00e4,<\/strong> FM 06228-1, 1978<\/p>\n<p><img loading=\"lazy\" decoding=\"async\" class=\"alignnone wp-image-975\" src=\"https:\/\/finslot.net\/tumppi\/wp-content\/uploads\/2021\/10\/15-Inkkareita_ja_lankkareita.jpg\" alt=\"\" width=\"500\" height=\"350\" srcset=\"https:\/\/finslot.net\/tumppi\/wp-content\/uploads\/2021\/10\/15-Inkkareita_ja_lankkareita.jpg 1014w, https:\/\/finslot.net\/tumppi\/wp-content\/uploads\/2021\/10\/15-Inkkareita_ja_lankkareita-300x210.jpg 300w, https:\/\/finslot.net\/tumppi\/wp-content\/uploads\/2021\/10\/15-Inkkareita_ja_lankkareita-768x537.jpg 768w\" sizes=\"(max-width: 500px) 100vw, 500px\" \/><\/p>\n<p><strong>16 H\u00e4rm\u00e4l\u00e4inen perusjuntti,<\/strong> FM 07274-4, 1984<\/p>\n<p><img loading=\"lazy\" decoding=\"async\" class=\"alignnone wp-image-976\" src=\"https:\/\/finslot.net\/tumppi\/wp-content\/uploads\/2021\/10\/16-Harmalainen_perusjuntti.jpg\" alt=\"\" width=\"500\" height=\"352\" srcset=\"https:\/\/finslot.net\/tumppi\/wp-content\/uploads\/2021\/10\/16-Harmalainen_perusjuntti.jpg 1008w, https:\/\/finslot.net\/tumppi\/wp-content\/uploads\/2021\/10\/16-Harmalainen_perusjuntti-300x211.jpg 300w, https:\/\/finslot.net\/tumppi\/wp-content\/uploads\/2021\/10\/16-Harmalainen_perusjuntti-768x540.jpg 768w\" sizes=\"(max-width: 500px) 100vw, 500px\" \/><\/p>\n<p><strong>17 Irwinin parhaat,<\/strong> FM 07383-3, 1988<\/p>\n<p><img loading=\"lazy\" decoding=\"async\" class=\"alignnone wp-image-977\" src=\"https:\/\/finslot.net\/tumppi\/wp-content\/uploads\/2021\/10\/17-Irwinin_parhaat.jpg\" alt=\"\" width=\"500\" height=\"353\" srcset=\"https:\/\/finslot.net\/tumppi\/wp-content\/uploads\/2021\/10\/17-Irwinin_parhaat.jpg 1004w, https:\/\/finslot.net\/tumppi\/wp-content\/uploads\/2021\/10\/17-Irwinin_parhaat-300x212.jpg 300w, https:\/\/finslot.net\/tumppi\/wp-content\/uploads\/2021\/10\/17-Irwinin_parhaat-768x542.jpg 768w\" sizes=\"(max-width: 500px) 100vw, 500px\" \/><\/p>\n<p><strong>18 Rentun ruusut,<\/strong> M-042-09082-4, 2001<\/p>\n<p><img loading=\"lazy\" decoding=\"async\" class=\"alignnone wp-image-978\" src=\"https:\/\/finslot.net\/tumppi\/wp-content\/uploads\/2021\/10\/18-Rentun_ruusut.jpg\" alt=\"\" width=\"500\" height=\"354\" srcset=\"https:\/\/finslot.net\/tumppi\/wp-content\/uploads\/2021\/10\/18-Rentun_ruusut.jpg 1002w, https:\/\/finslot.net\/tumppi\/wp-content\/uploads\/2021\/10\/18-Rentun_ruusut-300x212.jpg 300w, https:\/\/finslot.net\/tumppi\/wp-content\/uploads\/2021\/10\/18-Rentun_ruusut-768x543.jpg 768w\" sizes=\"(max-width: 500px) 100vw, 500px\" \/><\/p>\n<p>&nbsp;<\/p>\n<p><em>muuta<\/em><\/p>\n<p><img loading=\"lazy\" decoding=\"async\" class=\"alignnone wp-image-979\" src=\"https:\/\/finslot.net\/tumppi\/wp-content\/uploads\/2021\/10\/SyksynSavel1970-St_Pauli_ja_Reeperbahn.jpg\" alt=\"\" width=\"500\" height=\"353\" srcset=\"https:\/\/finslot.net\/tumppi\/wp-content\/uploads\/2021\/10\/SyksynSavel1970-St_Pauli_ja_Reeperbahn.jpg 1003w, https:\/\/finslot.net\/tumppi\/wp-content\/uploads\/2021\/10\/SyksynSavel1970-St_Pauli_ja_Reeperbahn-300x212.jpg 300w, https:\/\/finslot.net\/tumppi\/wp-content\/uploads\/2021\/10\/SyksynSavel1970-St_Pauli_ja_Reeperbahn-768x542.jpg 768w\" sizes=\"(max-width: 500px) 100vw, 500px\" \/><\/p>\n<p>&nbsp;<\/p>\n<p>&nbsp;<\/p>\n<p>&nbsp;<\/p>\n","protected":false},"excerpt":{"rendered":"<p>N\u00e4m\u00e4 Irwin Goodman laulu- ja nuottikirjat olen kuvannut Timo Rinta-ahon Irwin Goodman kokoelmasta. LP:t Ja alla on kaikki LP versioiden ko. teokset pl. 2a versio, jonka olen &#8221;vapaasti&#8221; kopioinut internetin tarjonnasta \ud83d\ude42 &#8230; JOS omistat kyseisen teoksen &#8211; otan mielell\u00e4ni kuvat vastaan etu- ja takakannesta ja julkaisen ne t\u00e4\u00e4ll\u00e4 muiden fanien\/ker\u00e4ilij\u00f6iden iloksi, nimell\u00e4si tai kuten&hellip; <a class=\"more-link\" href=\"https:\/\/finslot.net\/tumppi\/irwin-goodman-laulu-ja-nuottikirjat-lpt\/\">Jatka lukemista <span class=\"screen-reader-text\">Irwin Goodman laulu- ja nuottikirjat, LP:t<\/span><\/a><\/p>\n","protected":false},"author":1,"featured_media":1226,"parent":0,"menu_order":0,"comment_status":"closed","ping_status":"closed","template":"","meta":{"footnotes":""},"class_list":["post-1218","page","type-page","status-publish","has-post-thumbnail","hentry","entry"],"_links":{"self":[{"href":"https:\/\/finslot.net\/tumppi\/wp-json\/wp\/v2\/pages\/1218","targetHints":{"allow":["GET"]}}],"collection":[{"href":"https:\/\/finslot.net\/tumppi\/wp-json\/wp\/v2\/pages"}],"about":[{"href":"https:\/\/finslot.net\/tumppi\/wp-json\/wp\/v2\/types\/page"}],"author":[{"embeddable":true,"href":"https:\/\/finslot.net\/tumppi\/wp-json\/wp\/v2\/users\/1"}],"replies":[{"embeddable":true,"href":"https:\/\/finslot.net\/tumppi\/wp-json\/wp\/v2\/comments?post=1218"}],"version-history":[{"count":2,"href":"https:\/\/finslot.net\/tumppi\/wp-json\/wp\/v2\/pages\/1218\/revisions"}],"predecessor-version":[{"id":1220,"href":"https:\/\/finslot.net\/tumppi\/wp-json\/wp\/v2\/pages\/1218\/revisions\/1220"}],"wp:featuredmedia":[{"embeddable":true,"href":"https:\/\/finslot.net\/tumppi\/wp-json\/wp\/v2\/media\/1226"}],"wp:attachment":[{"href":"https:\/\/finslot.net\/tumppi\/wp-json\/wp\/v2\/media?parent=1218"}],"curies":[{"name":"wp","href":"https:\/\/api.w.org\/{rel}","templated":true}]}}