{"id":68,"date":"2021-04-23T14:36:45","date_gmt":"2021-04-23T11:36:45","guid":{"rendered":"http:\/\/finslot.net\/tumppi\/?page_id=68"},"modified":"2021-10-17T13:52:21","modified_gmt":"2021-10-17T10:52:21","slug":"irwin-goodman","status":"publish","type":"page","link":"https:\/\/finslot.net\/tumppi\/irwin-goodman\/","title":{"rendered":"Irwin Goodman sivu"},"content":{"rendered":"<p>Yll\u00e4 olevan kuvan kortin olen saanut itse Irwinilt\u00e4! Vuosi lienee jotain 77\/78&#8243;?&#8221; Irwinin ollessa keikalla Vaasassa, Palosaaren ty\u00f6v\u00e4entalolla. Is\u00e4ni veti siell\u00e4 ko demarien tanssitoimintaa kymmenisen vuotta. Kun kuulin, ett\u00e4 Irwin on lauantaina tulossa esiintym\u00e4\u00e4n, vaadin is\u00e4lt\u00e4ni ett\u00e4 mun on pakko p\u00e4\u00e4st\u00e4 sinne mukaan. Pienill\u00e4 j\u00e4rjestelyill\u00e4 se sitten toki onnistui, ja ns &#8221;per\u00e4huoneessa&#8221; ennen keikkaa tuon kortin sain, kun is\u00e4 minut Irwinille esitteli. K\u00e4ttelyt, kortti mukaan ja keikkaa katsomaan, se oli juhlaa pienelle pojalle. &#8221;Elettiin&#8221; aikaa kun jostain syyst\u00e4 aina sunnuntaisin, is\u00e4 otti kaapista silityslaudan esille ja hoiti silitykset \ud83d\ude09 <a href=\"https:\/\/tanssi.net\/fi\/tausta\/historia.html\" target=\"_blank\" rel=\"noopener\">syyst\u00e4 ett\u00e4 &#8221;?&#8221;<\/a><\/p>\n<p>Ja ei, tuo nahkahattu tuossa ei suinkaan ole Irwinin vaan se on ihan mun oma, jonka vanhemmat joskus aikanaan etel\u00e4n reissulta mulle toi! Irwin tunnetaan, tiedet\u00e4\u00e4n ja muistetaan ainoastaan alla olevan kuvan mukaisesta nahkahatusta &#8211; muunlaisia kuvia ko aiheesta ei liene olemassa jossa Irwinill\u00e4 olisi toisenlainen nahkahattu p\u00e4\u00e4ss\u00e4\u00e4n &#8221;?&#8221;<\/p>\n<p>Tuossa alakuvan nahkahatussa, jollainen n\u00e4kyy olevan Irwinill\u00e4 kaikissa kuvissa, joissa ko. nahkahattu on: N\u00e4kyy selv\u00e4sti ett\u00e4 tuo kapea nahkanauha on niiteill\u00e4 kiinni, siten noita varmaan tehtiin 70-luvulla etel\u00e4n mailla. My\u00f6h\u00e4isemmiss\u00e4 malleissa n\u00e4kyy olevan sitten jo ymp\u00e4riins\u00e4 koneella ommeltu tuo nauha kiinni. Sen lis\u00e4ksi kaikissa v\u00e4rikuvissa tuo Irwinin p\u00e4\u00e4ss\u00e4 oleva nahkahattu on tummempaa nahkaa, ei tuota vaaleaa.<\/p>\n<p style=\"text-align: center;\"><a href=\"https:\/\/www.is.fi\/viihde\/art-2000006318109.html\" target=\"_blank\" rel=\"noopener\">Tarinat toki saa el\u00e4\u00e4<\/a>,<a href=\"https:\/\/yle.fi\/uutiset\/3-8282898\" target=\"_blank\" rel=\"noopener\"> ja se joka haluaa uskoa saa uskoa, ei sek\u00e4\u00e4n ole toiselta pois :-).<\/a><\/p>\n<p><img fetchpriority=\"high\" decoding=\"async\" class=\"size-full wp-image-162 aligncenter\" src=\"https:\/\/finslot.net\/tumppi\/wp-content\/uploads\/2021\/04\/Irwinkuva1.jpg\" alt=\"\" width=\"301\" height=\"241\" \/><\/p>\n<p><a style=\"background-color: var(--global--color-background); font-family: var(--global--font-secondary); font-size: var(--global--font-size-base);\" href=\"https:\/\/finslot.net\/tumppi\/irwin-cdt\/\" target=\"_blank\" rel=\"noopener\">Irwin CD:t<\/a><span style=\"background-color: var(--global--color-background); color: var(--global--color-primary); font-family: var(--global--font-secondary); font-size: var(--global--font-size-base);\"> &#8211; t\u00e4\u00e4lt\u00e4 l\u00f6yd\u00e4t kuvat ja perustiedot kaikista Irwin CD-levyist\u00e4 jotka ovat itsell\u00e4ni, kokoelmassani pit\u00e4isi oleman kaikki Irwinin diskografian CD -levyt.<\/span><\/p>\n<p><a href=\"https:\/\/finslot.net\/tumppi\/irwin-dvd\/\" target=\"_blank\" rel=\"noopener\">Irwin DVD:t<\/a><\/p>\n<p><a href=\"https:\/\/finslot.net\/tumppi\/irwin-goodman-kirjallisuus\/\" target=\"_blank\" rel=\"noopener\">Irwin Kirjallisuus<\/a><\/p>\n<p><a href=\"https:\/\/finslot.net\/tumppi\/irwin-muu-materiaali\/\" target=\"_blank\" rel=\"noopener\">Irwin muu materiaali<\/a><\/p>\n<p>&nbsp;<\/p>\n<p>Alla linkkej\u00e4 Irwin netti -maailmaan:<\/p>\n<p>Aika lailla t\u00e4ydellinen <em>Irwinin diskografia l\u00f6ytyneen Veikko Tiiton sivuilta !<\/em><strong><a href=\"http:\/\/www.veikkotiitto.fi\/irwin.htm#Irwin%20Goodman\" target=\"_blank\" rel=\"noopener\">-&gt; klik klik &lt;-<\/a><\/strong><\/p>\n<p><a href=\"http:\/\/arilahti.com\/\" target=\"_blank\" rel=\"noopener\">Ari Lahti<\/a><\/p>\n<p style=\"text-align: left;\"><a href=\"https:\/\/www.facebook.com\/groups\/643129095712090\" target=\"_blank\" rel=\"noopener\">Irwin-klubi, Irwin Goodman ry | Facebook<\/a><\/p>\n<p><a href=\"http:\/\/www.irwingoodman.com\/\" target=\"_blank\" rel=\"noopener\">Irwin Goodman<\/a><\/p>\n<p><a href=\"https:\/\/retee.mycashflow.fi\/\" target=\"_blank\" rel=\"noopener\">Retee<\/a><\/p>\n<p>&nbsp;<\/p>\n","protected":false},"excerpt":{"rendered":"<p>Yll\u00e4 olevan kuvan kortin olen saanut itse Irwinilt\u00e4! Vuosi lienee jotain 77\/78&#8243;?&#8221; Irwinin ollessa keikalla Vaasassa, Palosaaren ty\u00f6v\u00e4entalolla. Is\u00e4ni veti siell\u00e4 ko demarien tanssitoimintaa kymmenisen vuotta. Kun kuulin, ett\u00e4 Irwin on lauantaina tulossa esiintym\u00e4\u00e4n, vaadin is\u00e4lt\u00e4ni ett\u00e4 mun on pakko p\u00e4\u00e4st\u00e4 sinne mukaan. Pienill\u00e4 j\u00e4rjestelyill\u00e4 se sitten toki onnistui, ja ns &#8221;per\u00e4huoneessa&#8221; ennen keikkaa tuon&hellip; <a class=\"more-link\" href=\"https:\/\/finslot.net\/tumppi\/irwin-goodman\/\">Jatka lukemista <span class=\"screen-reader-text\">Irwin Goodman sivu<\/span><\/a><\/p>\n","protected":false},"author":1,"featured_media":199,"parent":0,"menu_order":0,"comment_status":"closed","ping_status":"closed","template":"","meta":{"footnotes":""},"class_list":["post-68","page","type-page","status-publish","has-post-thumbnail","hentry","entry"],"_links":{"self":[{"href":"https:\/\/finslot.net\/tumppi\/wp-json\/wp\/v2\/pages\/68","targetHints":{"allow":["GET"]}}],"collection":[{"href":"https:\/\/finslot.net\/tumppi\/wp-json\/wp\/v2\/pages"}],"about":[{"href":"https:\/\/finslot.net\/tumppi\/wp-json\/wp\/v2\/types\/page"}],"author":[{"embeddable":true,"href":"https:\/\/finslot.net\/tumppi\/wp-json\/wp\/v2\/users\/1"}],"replies":[{"embeddable":true,"href":"https:\/\/finslot.net\/tumppi\/wp-json\/wp\/v2\/comments?post=68"}],"version-history":[{"count":35,"href":"https:\/\/finslot.net\/tumppi\/wp-json\/wp\/v2\/pages\/68\/revisions"}],"predecessor-version":[{"id":699,"href":"https:\/\/finslot.net\/tumppi\/wp-json\/wp\/v2\/pages\/68\/revisions\/699"}],"wp:featuredmedia":[{"embeddable":true,"href":"https:\/\/finslot.net\/tumppi\/wp-json\/wp\/v2\/media\/199"}],"wp:attachment":[{"href":"https:\/\/finslot.net\/tumppi\/wp-json\/wp\/v2\/media?parent=68"}],"curies":[{"name":"wp","href":"https:\/\/api.w.org\/{rel}","templated":true}]}}