{"id":687,"date":"2021-10-17T13:47:58","date_gmt":"2021-10-17T10:47:58","guid":{"rendered":"http:\/\/finslot.net\/tumppi\/?page_id=687"},"modified":"2021-11-12T20:18:07","modified_gmt":"2021-11-12T18:18:07","slug":"irwin-goodman-purkkakuvat","status":"publish","type":"page","link":"https:\/\/finslot.net\/tumppi\/irwin-goodman-purkkakuvat\/","title":{"rendered":"Irwin Goodman purkkakuvat"},"content":{"rendered":"<p>N\u00e4m\u00e4 Irwin Goodman aiheiset Pandan purkkakuvasarjat olen kuvannut Timo Rinta-ahon Irwin Goodman kokoelmasta.<\/p>\n<ul>\n<li>Pandan POP sarjan ( 68, 70, 100 ) Irwin Goodman purkkakuvakortteja<\/li>\n<\/ul>\n<p><strong>Panda POP sarja 68 kuvaa <\/strong>(2 Irwin aiheista)<\/p>\n<p><img fetchpriority=\"high\" decoding=\"async\" class=\"wp-image-881 size-medium alignleft\" style=\"color: var(--global--color-primary); font-family: var(--global--font-secondary); font-size: var(--global--font-size-base);\" src=\"https:\/\/finslot.net\/tumppi\/wp-content\/uploads\/2021\/10\/Panda_POP_sarja_68_kuvaa-Irwin_Goodman_Si_si_si-197x300.jpg\" alt=\"\" width=\"197\" height=\"300\" srcset=\"https:\/\/finslot.net\/tumppi\/wp-content\/uploads\/2021\/10\/Panda_POP_sarja_68_kuvaa-Irwin_Goodman_Si_si_si-197x300.jpg 197w, https:\/\/finslot.net\/tumppi\/wp-content\/uploads\/2021\/10\/Panda_POP_sarja_68_kuvaa-Irwin_Goodman_Si_si_si-674x1024.jpg 674w, https:\/\/finslot.net\/tumppi\/wp-content\/uploads\/2021\/10\/Panda_POP_sarja_68_kuvaa-Irwin_Goodman_Si_si_si-768x1167.jpg 768w, https:\/\/finslot.net\/tumppi\/wp-content\/uploads\/2021\/10\/Panda_POP_sarja_68_kuvaa-Irwin_Goodman_Si_si_si-1011x1536.jpg 1011w, https:\/\/finslot.net\/tumppi\/wp-content\/uploads\/2021\/10\/Panda_POP_sarja_68_kuvaa-Irwin_Goodman_Si_si_si.jpg 1227w\" sizes=\"(max-width: 197px) 100vw, 197px\" \/><\/p>\n<p>&nbsp;<\/p>\n<p>Panda POP sarja 68 kuvaa<\/p>\n<p>-Irwin Goodman, Si si si<\/p>\n<p>&nbsp;<\/p>\n<p>&nbsp;<\/p>\n<p>&nbsp;<\/p>\n<p><img decoding=\"async\" class=\"wp-image-882 size-medium alignleft\" style=\"color: var(--global--color-primary); font-family: var(--global--font-secondary); font-size: var(--global--font-size-base);\" src=\"https:\/\/finslot.net\/tumppi\/wp-content\/uploads\/2021\/10\/Panda_POP_sarja_68_kuvaa-Irwin_Goodman_Vain_elamaa-198x300.jpg\" alt=\"\" width=\"198\" height=\"300\" srcset=\"https:\/\/finslot.net\/tumppi\/wp-content\/uploads\/2021\/10\/Panda_POP_sarja_68_kuvaa-Irwin_Goodman_Vain_elamaa-198x300.jpg 198w, https:\/\/finslot.net\/tumppi\/wp-content\/uploads\/2021\/10\/Panda_POP_sarja_68_kuvaa-Irwin_Goodman_Vain_elamaa-676x1024.jpg 676w, https:\/\/finslot.net\/tumppi\/wp-content\/uploads\/2021\/10\/Panda_POP_sarja_68_kuvaa-Irwin_Goodman_Vain_elamaa-768x1163.jpg 768w, https:\/\/finslot.net\/tumppi\/wp-content\/uploads\/2021\/10\/Panda_POP_sarja_68_kuvaa-Irwin_Goodman_Vain_elamaa-1014x1536.jpg 1014w, https:\/\/finslot.net\/tumppi\/wp-content\/uploads\/2021\/10\/Panda_POP_sarja_68_kuvaa-Irwin_Goodman_Vain_elamaa.jpg 1267w\" sizes=\"(max-width: 198px) 100vw, 198px\" \/><\/p>\n<p>&nbsp;<\/p>\n<p>Panda POP sarja 68 kuvaa<\/p>\n<p>-Irwin Goodman, Vain el\u00e4m\u00e4\u00e4<\/p>\n<p>&nbsp;<\/p>\n<p>&nbsp;<\/p>\n<p>&nbsp;<\/p>\n<p><strong>Panda POP sarja 70 kuvaa <\/strong>(4 Irwin aiheista)<\/p>\n<p><img decoding=\"async\" class=\"wp-image-883 size-medium alignleft\" src=\"https:\/\/finslot.net\/tumppi\/wp-content\/uploads\/2021\/10\/Panda_POP_sarja_70_kuvaa-Irwin_Goodman_Kadun_kasvatti-203x300.jpg\" alt=\"\" width=\"203\" height=\"300\" srcset=\"https:\/\/finslot.net\/tumppi\/wp-content\/uploads\/2021\/10\/Panda_POP_sarja_70_kuvaa-Irwin_Goodman_Kadun_kasvatti-203x300.jpg 203w, https:\/\/finslot.net\/tumppi\/wp-content\/uploads\/2021\/10\/Panda_POP_sarja_70_kuvaa-Irwin_Goodman_Kadun_kasvatti-694x1024.jpg 694w, https:\/\/finslot.net\/tumppi\/wp-content\/uploads\/2021\/10\/Panda_POP_sarja_70_kuvaa-Irwin_Goodman_Kadun_kasvatti-768x1133.jpg 768w, https:\/\/finslot.net\/tumppi\/wp-content\/uploads\/2021\/10\/Panda_POP_sarja_70_kuvaa-Irwin_Goodman_Kadun_kasvatti-1041x1536.jpg 1041w, https:\/\/finslot.net\/tumppi\/wp-content\/uploads\/2021\/10\/Panda_POP_sarja_70_kuvaa-Irwin_Goodman_Kadun_kasvatti.jpg 1263w\" sizes=\"(max-width: 203px) 100vw, 203px\" \/><\/p>\n<p>&nbsp;<\/p>\n<p>Panda POP sarja 70 kuvaa<\/p>\n<p>-Irwin Goodman, Kadun kasvatti<\/p>\n<p>&nbsp;<\/p>\n<p>&nbsp;<\/p>\n<p>&nbsp;<\/p>\n<p><img loading=\"lazy\" decoding=\"async\" class=\"wp-image-867 size-medium alignleft\" src=\"https:\/\/finslot.net\/tumppi\/wp-content\/uploads\/2021\/10\/Panda_POP_sarja_70_kuvaa-Irwin_Goodman_Las_Palmas-211x300.jpg\" alt=\"\" width=\"211\" height=\"300\" srcset=\"https:\/\/finslot.net\/tumppi\/wp-content\/uploads\/2021\/10\/Panda_POP_sarja_70_kuvaa-Irwin_Goodman_Las_Palmas-211x300.jpg 211w, https:\/\/finslot.net\/tumppi\/wp-content\/uploads\/2021\/10\/Panda_POP_sarja_70_kuvaa-Irwin_Goodman_Las_Palmas-720x1024.jpg 720w, https:\/\/finslot.net\/tumppi\/wp-content\/uploads\/2021\/10\/Panda_POP_sarja_70_kuvaa-Irwin_Goodman_Las_Palmas-768x1092.jpg 768w, https:\/\/finslot.net\/tumppi\/wp-content\/uploads\/2021\/10\/Panda_POP_sarja_70_kuvaa-Irwin_Goodman_Las_Palmas-1080x1536.jpg 1080w, https:\/\/finslot.net\/tumppi\/wp-content\/uploads\/2021\/10\/Panda_POP_sarja_70_kuvaa-Irwin_Goodman_Las_Palmas.jpg 1253w\" sizes=\"(max-width: 211px) 100vw, 211px\" \/><\/p>\n<p>&nbsp;<\/p>\n<p>Panda POP sarja 70 kuvaa<\/p>\n<p>-Irwin Goodman, Las Palmas<\/p>\n<p>&nbsp;<\/p>\n<p>&nbsp;<\/p>\n<p>&nbsp;<\/p>\n<p><img loading=\"lazy\" decoding=\"async\" class=\"wp-image-868 size-medium alignleft\" src=\"https:\/\/finslot.net\/tumppi\/wp-content\/uploads\/2021\/10\/Panda_POP_sarja_70_kuvaa-Irwin_Goodman_Poing_poing_poing-207x300.jpg\" alt=\"\" width=\"207\" height=\"300\" srcset=\"https:\/\/finslot.net\/tumppi\/wp-content\/uploads\/2021\/10\/Panda_POP_sarja_70_kuvaa-Irwin_Goodman_Poing_poing_poing-207x300.jpg 207w, https:\/\/finslot.net\/tumppi\/wp-content\/uploads\/2021\/10\/Panda_POP_sarja_70_kuvaa-Irwin_Goodman_Poing_poing_poing-706x1024.jpg 706w, https:\/\/finslot.net\/tumppi\/wp-content\/uploads\/2021\/10\/Panda_POP_sarja_70_kuvaa-Irwin_Goodman_Poing_poing_poing-768x1114.jpg 768w, https:\/\/finslot.net\/tumppi\/wp-content\/uploads\/2021\/10\/Panda_POP_sarja_70_kuvaa-Irwin_Goodman_Poing_poing_poing-1059x1536.jpg 1059w, https:\/\/finslot.net\/tumppi\/wp-content\/uploads\/2021\/10\/Panda_POP_sarja_70_kuvaa-Irwin_Goodman_Poing_poing_poing.jpg 1273w\" sizes=\"(max-width: 207px) 100vw, 207px\" \/><\/p>\n<p>&nbsp;<\/p>\n<p>Panda POP sarja 70 kuvaa<\/p>\n<p>-Irwin Goodman, Poing poing poing<\/p>\n<p>&nbsp;<\/p>\n<p>&nbsp;<\/p>\n<p>&nbsp;<\/p>\n<p><img loading=\"lazy\" decoding=\"async\" class=\"wp-image-869 size-medium alignleft\" src=\"https:\/\/finslot.net\/tumppi\/wp-content\/uploads\/2021\/10\/Panda_POP_sarja_70_kuvaa-Irwin_Goodman_Viela_yhdet-207x300.jpg\" alt=\"\" width=\"207\" height=\"300\" srcset=\"https:\/\/finslot.net\/tumppi\/wp-content\/uploads\/2021\/10\/Panda_POP_sarja_70_kuvaa-Irwin_Goodman_Viela_yhdet-207x300.jpg 207w, https:\/\/finslot.net\/tumppi\/wp-content\/uploads\/2021\/10\/Panda_POP_sarja_70_kuvaa-Irwin_Goodman_Viela_yhdet-707x1024.jpg 707w, https:\/\/finslot.net\/tumppi\/wp-content\/uploads\/2021\/10\/Panda_POP_sarja_70_kuvaa-Irwin_Goodman_Viela_yhdet-768x1112.jpg 768w, https:\/\/finslot.net\/tumppi\/wp-content\/uploads\/2021\/10\/Panda_POP_sarja_70_kuvaa-Irwin_Goodman_Viela_yhdet-1061x1536.jpg 1061w, https:\/\/finslot.net\/tumppi\/wp-content\/uploads\/2021\/10\/Panda_POP_sarja_70_kuvaa-Irwin_Goodman_Viela_yhdet.jpg 1306w\" sizes=\"(max-width: 207px) 100vw, 207px\" \/><\/p>\n<p>&nbsp;<\/p>\n<p>Panda POP sarja 70 kuvaa<\/p>\n<p>-Irwin Goodman, Viel\u00e4 yhdet<\/p>\n<p>&nbsp;<\/p>\n<p>&nbsp;<\/p>\n<p>&nbsp;<\/p>\n<p><strong>Panda POP sarja 100 kuvaa <\/strong>(11 Irwin aiheista)<\/p>\n<p><img loading=\"lazy\" decoding=\"async\" class=\"wp-image-870 size-medium alignleft\" src=\"https:\/\/finslot.net\/tumppi\/wp-content\/uploads\/2021\/10\/Panda_POP_sarja_100_kuvaa-Irwin_Goodman_Alko_pistaa_pulloon-205x300.jpg\" alt=\"\" width=\"205\" height=\"300\" srcset=\"https:\/\/finslot.net\/tumppi\/wp-content\/uploads\/2021\/10\/Panda_POP_sarja_100_kuvaa-Irwin_Goodman_Alko_pistaa_pulloon-205x300.jpg 205w, https:\/\/finslot.net\/tumppi\/wp-content\/uploads\/2021\/10\/Panda_POP_sarja_100_kuvaa-Irwin_Goodman_Alko_pistaa_pulloon-699x1024.jpg 699w, https:\/\/finslot.net\/tumppi\/wp-content\/uploads\/2021\/10\/Panda_POP_sarja_100_kuvaa-Irwin_Goodman_Alko_pistaa_pulloon-768x1124.jpg 768w, https:\/\/finslot.net\/tumppi\/wp-content\/uploads\/2021\/10\/Panda_POP_sarja_100_kuvaa-Irwin_Goodman_Alko_pistaa_pulloon.jpg 862w\" sizes=\"(max-width: 205px) 100vw, 205px\" \/><\/p>\n<p>&nbsp;<\/p>\n<p>Panda POP sarja 100 kuvaa<\/p>\n<p>-Irwin Goodman, Alko pist\u00e4\u00e4 pulloon<\/p>\n<p>&nbsp;<\/p>\n<p>&nbsp;<\/p>\n<p>&nbsp;<\/p>\n<p><img loading=\"lazy\" decoding=\"async\" class=\"wp-image-871 size-medium alignleft\" src=\"https:\/\/finslot.net\/tumppi\/wp-content\/uploads\/2021\/10\/Panda_POP_sarja_100_kuvaa-Irwin_Goodman_Kadun_kasvatti-203x300.jpg\" alt=\"\" width=\"203\" height=\"300\" srcset=\"https:\/\/finslot.net\/tumppi\/wp-content\/uploads\/2021\/10\/Panda_POP_sarja_100_kuvaa-Irwin_Goodman_Kadun_kasvatti-203x300.jpg 203w, https:\/\/finslot.net\/tumppi\/wp-content\/uploads\/2021\/10\/Panda_POP_sarja_100_kuvaa-Irwin_Goodman_Kadun_kasvatti-693x1024.jpg 693w, https:\/\/finslot.net\/tumppi\/wp-content\/uploads\/2021\/10\/Panda_POP_sarja_100_kuvaa-Irwin_Goodman_Kadun_kasvatti-768x1134.jpg 768w, https:\/\/finslot.net\/tumppi\/wp-content\/uploads\/2021\/10\/Panda_POP_sarja_100_kuvaa-Irwin_Goodman_Kadun_kasvatti.jpg 1036w\" sizes=\"(max-width: 203px) 100vw, 203px\" \/><\/p>\n<p>&nbsp;<\/p>\n<p>Panda POP sarja 100 kuvaa<\/p>\n<p>-Irwin Goodman, Kadun kasvatti<\/p>\n<p>&nbsp;<\/p>\n<p>&nbsp;<\/p>\n<p>&nbsp;<\/p>\n<p><img loading=\"lazy\" decoding=\"async\" class=\"wp-image-872 size-medium alignleft\" src=\"https:\/\/finslot.net\/tumppi\/wp-content\/uploads\/2021\/10\/Panda_POP_sarja_100_kuvaa-Irwin_Goodman_Lesken_Lehti-202x300.jpg\" alt=\"\" width=\"202\" height=\"300\" srcset=\"https:\/\/finslot.net\/tumppi\/wp-content\/uploads\/2021\/10\/Panda_POP_sarja_100_kuvaa-Irwin_Goodman_Lesken_Lehti-202x300.jpg 202w, https:\/\/finslot.net\/tumppi\/wp-content\/uploads\/2021\/10\/Panda_POP_sarja_100_kuvaa-Irwin_Goodman_Lesken_Lehti-690x1024.jpg 690w, https:\/\/finslot.net\/tumppi\/wp-content\/uploads\/2021\/10\/Panda_POP_sarja_100_kuvaa-Irwin_Goodman_Lesken_Lehti-768x1139.jpg 768w, https:\/\/finslot.net\/tumppi\/wp-content\/uploads\/2021\/10\/Panda_POP_sarja_100_kuvaa-Irwin_Goodman_Lesken_Lehti.jpg 1030w\" sizes=\"(max-width: 202px) 100vw, 202px\" \/><\/p>\n<p>&nbsp;<\/p>\n<p>Panda POP sarja 100 kuvaa<\/p>\n<p>-Irwin Goodman, Lesken lehti<\/p>\n<p>&nbsp;<\/p>\n<p>&nbsp;<\/p>\n<p>&nbsp;<\/p>\n<p><img loading=\"lazy\" decoding=\"async\" class=\"wp-image-873 size-medium alignleft\" src=\"https:\/\/finslot.net\/tumppi\/wp-content\/uploads\/2021\/10\/Panda_POP_sarja_100_kuvaa-Irwin_Goodman_Meni_rahahommat_pieleen-202x300.jpg\" alt=\"\" width=\"202\" height=\"300\" srcset=\"https:\/\/finslot.net\/tumppi\/wp-content\/uploads\/2021\/10\/Panda_POP_sarja_100_kuvaa-Irwin_Goodman_Meni_rahahommat_pieleen-202x300.jpg 202w, https:\/\/finslot.net\/tumppi\/wp-content\/uploads\/2021\/10\/Panda_POP_sarja_100_kuvaa-Irwin_Goodman_Meni_rahahommat_pieleen-690x1024.jpg 690w, https:\/\/finslot.net\/tumppi\/wp-content\/uploads\/2021\/10\/Panda_POP_sarja_100_kuvaa-Irwin_Goodman_Meni_rahahommat_pieleen-768x1139.jpg 768w, https:\/\/finslot.net\/tumppi\/wp-content\/uploads\/2021\/10\/Panda_POP_sarja_100_kuvaa-Irwin_Goodman_Meni_rahahommat_pieleen.jpg 858w\" sizes=\"(max-width: 202px) 100vw, 202px\" \/><\/p>\n<p>&nbsp;<\/p>\n<p>Panda POP sarja 100 kuvaa<\/p>\n<p>-Irwin Goodman, Meni rahahommat pieleen<\/p>\n<p>&nbsp;<\/p>\n<p>&nbsp;<\/p>\n<p>&nbsp;<\/p>\n<p><img loading=\"lazy\" decoding=\"async\" class=\"wp-image-874 size-medium alignleft\" src=\"https:\/\/finslot.net\/tumppi\/wp-content\/uploads\/2021\/10\/Panda_POP_sarja_100_kuvaa-Irwin_Goodman_Muutakin_on_kierretty_kuin_tahkoa_a-199x300.jpg\" alt=\"\" width=\"199\" height=\"300\" srcset=\"https:\/\/finslot.net\/tumppi\/wp-content\/uploads\/2021\/10\/Panda_POP_sarja_100_kuvaa-Irwin_Goodman_Muutakin_on_kierretty_kuin_tahkoa_a-199x300.jpg 199w, https:\/\/finslot.net\/tumppi\/wp-content\/uploads\/2021\/10\/Panda_POP_sarja_100_kuvaa-Irwin_Goodman_Muutakin_on_kierretty_kuin_tahkoa_a-681x1024.jpg 681w, https:\/\/finslot.net\/tumppi\/wp-content\/uploads\/2021\/10\/Panda_POP_sarja_100_kuvaa-Irwin_Goodman_Muutakin_on_kierretty_kuin_tahkoa_a-768x1155.jpg 768w, https:\/\/finslot.net\/tumppi\/wp-content\/uploads\/2021\/10\/Panda_POP_sarja_100_kuvaa-Irwin_Goodman_Muutakin_on_kierretty_kuin_tahkoa_a-1021x1536.jpg 1021w, https:\/\/finslot.net\/tumppi\/wp-content\/uploads\/2021\/10\/Panda_POP_sarja_100_kuvaa-Irwin_Goodman_Muutakin_on_kierretty_kuin_tahkoa_a.jpg 1093w\" sizes=\"(max-width: 199px) 100vw, 199px\" \/><\/p>\n<p>&nbsp;<\/p>\n<p>Panda POP sarja 100 kuvaa<\/p>\n<p>-Irwin Goodman, Muutakin on kierretty kuin tahkoa<\/p>\n<p>&nbsp;<\/p>\n<p>&nbsp;<\/p>\n<p>&nbsp;<\/p>\n<p><img loading=\"lazy\" decoding=\"async\" class=\"wp-image-875 size-medium alignleft\" src=\"https:\/\/finslot.net\/tumppi\/wp-content\/uploads\/2021\/10\/Panda_POP_sarja_100_kuvaa-Irwin_Goodman_Muutakin_on_kierretty_kuin_tahkoa_b-198x300.jpg\" alt=\"\" width=\"198\" height=\"300\" srcset=\"https:\/\/finslot.net\/tumppi\/wp-content\/uploads\/2021\/10\/Panda_POP_sarja_100_kuvaa-Irwin_Goodman_Muutakin_on_kierretty_kuin_tahkoa_b-198x300.jpg 198w, https:\/\/finslot.net\/tumppi\/wp-content\/uploads\/2021\/10\/Panda_POP_sarja_100_kuvaa-Irwin_Goodman_Muutakin_on_kierretty_kuin_tahkoa_b-675x1024.jpg 675w, https:\/\/finslot.net\/tumppi\/wp-content\/uploads\/2021\/10\/Panda_POP_sarja_100_kuvaa-Irwin_Goodman_Muutakin_on_kierretty_kuin_tahkoa_b-768x1165.jpg 768w, https:\/\/finslot.net\/tumppi\/wp-content\/uploads\/2021\/10\/Panda_POP_sarja_100_kuvaa-Irwin_Goodman_Muutakin_on_kierretty_kuin_tahkoa_b-1012x1536.jpg 1012w, https:\/\/finslot.net\/tumppi\/wp-content\/uploads\/2021\/10\/Panda_POP_sarja_100_kuvaa-Irwin_Goodman_Muutakin_on_kierretty_kuin_tahkoa_b.jpg 1079w\" sizes=\"(max-width: 198px) 100vw, 198px\" \/><\/p>\n<p>&nbsp;<\/p>\n<p>Panda POP sarja 100 kuvaa<\/p>\n<p>-Irwin Goodman, Muutakin on kierretty kuin tahkoa<\/p>\n<p>&nbsp;<\/p>\n<p>&nbsp;<\/p>\n<p>&nbsp;<\/p>\n<p><img loading=\"lazy\" decoding=\"async\" class=\"wp-image-876 size-medium alignleft\" src=\"https:\/\/finslot.net\/tumppi\/wp-content\/uploads\/2021\/10\/Panda_POP_sarja_100_kuvaa-Irwin_Goodman_Poing_poing_poing-194x300.jpg\" alt=\"\" width=\"194\" height=\"300\" srcset=\"https:\/\/finslot.net\/tumppi\/wp-content\/uploads\/2021\/10\/Panda_POP_sarja_100_kuvaa-Irwin_Goodman_Poing_poing_poing-194x300.jpg 194w, https:\/\/finslot.net\/tumppi\/wp-content\/uploads\/2021\/10\/Panda_POP_sarja_100_kuvaa-Irwin_Goodman_Poing_poing_poing-664x1024.jpg 664w, https:\/\/finslot.net\/tumppi\/wp-content\/uploads\/2021\/10\/Panda_POP_sarja_100_kuvaa-Irwin_Goodman_Poing_poing_poing-768x1185.jpg 768w, https:\/\/finslot.net\/tumppi\/wp-content\/uploads\/2021\/10\/Panda_POP_sarja_100_kuvaa-Irwin_Goodman_Poing_poing_poing-996x1536.jpg 996w, https:\/\/finslot.net\/tumppi\/wp-content\/uploads\/2021\/10\/Panda_POP_sarja_100_kuvaa-Irwin_Goodman_Poing_poing_poing-1328x2048.jpg 1328w, https:\/\/finslot.net\/tumppi\/wp-content\/uploads\/2021\/10\/Panda_POP_sarja_100_kuvaa-Irwin_Goodman_Poing_poing_poing.jpg 1434w\" sizes=\"(max-width: 194px) 100vw, 194px\" \/><\/p>\n<p>&nbsp;<\/p>\n<p>Panda POP sarja 100 kuvaa<\/p>\n<p>-Irwin Goodman, Poing poing poing<\/p>\n<p>&nbsp;<\/p>\n<p>&nbsp;<\/p>\n<p>&nbsp;<\/p>\n<p><img loading=\"lazy\" decoding=\"async\" class=\"wp-image-877 size-medium alignleft\" src=\"https:\/\/finslot.net\/tumppi\/wp-content\/uploads\/2021\/10\/Panda_POP_sarja_100_kuvaa-Irwin_Goodman_St_Pauli_ja_Reeperbahn-203x300.jpg\" alt=\"\" width=\"203\" height=\"300\" srcset=\"https:\/\/finslot.net\/tumppi\/wp-content\/uploads\/2021\/10\/Panda_POP_sarja_100_kuvaa-Irwin_Goodman_St_Pauli_ja_Reeperbahn-203x300.jpg 203w, https:\/\/finslot.net\/tumppi\/wp-content\/uploads\/2021\/10\/Panda_POP_sarja_100_kuvaa-Irwin_Goodman_St_Pauli_ja_Reeperbahn-691x1024.jpg 691w, https:\/\/finslot.net\/tumppi\/wp-content\/uploads\/2021\/10\/Panda_POP_sarja_100_kuvaa-Irwin_Goodman_St_Pauli_ja_Reeperbahn-768x1138.jpg 768w, https:\/\/finslot.net\/tumppi\/wp-content\/uploads\/2021\/10\/Panda_POP_sarja_100_kuvaa-Irwin_Goodman_St_Pauli_ja_Reeperbahn.jpg 972w\" sizes=\"(max-width: 203px) 100vw, 203px\" \/><\/p>\n<p>&nbsp;<\/p>\n<p>Panda POP sarja 100 kuvaa<\/p>\n<p>-Irwin Goodman, St. Pauli ja Reeperbahn<\/p>\n<p>&nbsp;<\/p>\n<p>&nbsp;<\/p>\n<p>&nbsp;<\/p>\n<p><img loading=\"lazy\" decoding=\"async\" class=\"wp-image-879 size-medium alignleft\" src=\"https:\/\/finslot.net\/tumppi\/wp-content\/uploads\/2021\/10\/Panda_POP_sarja_100_kuvaa-Irwin_Goodman_Uusi_Paavo-200x300.jpg\" alt=\"\" width=\"200\" height=\"300\" srcset=\"https:\/\/finslot.net\/tumppi\/wp-content\/uploads\/2021\/10\/Panda_POP_sarja_100_kuvaa-Irwin_Goodman_Uusi_Paavo-200x300.jpg 200w, https:\/\/finslot.net\/tumppi\/wp-content\/uploads\/2021\/10\/Panda_POP_sarja_100_kuvaa-Irwin_Goodman_Uusi_Paavo-681x1024.jpg 681w, https:\/\/finslot.net\/tumppi\/wp-content\/uploads\/2021\/10\/Panda_POP_sarja_100_kuvaa-Irwin_Goodman_Uusi_Paavo-768x1155.jpg 768w, https:\/\/finslot.net\/tumppi\/wp-content\/uploads\/2021\/10\/Panda_POP_sarja_100_kuvaa-Irwin_Goodman_Uusi_Paavo.jpg 1003w\" sizes=\"(max-width: 200px) 100vw, 200px\" \/><\/p>\n<p>&nbsp;<\/p>\n<p>Panda POP sarja 100 kuvaa<\/p>\n<p>-Irwin Goodman, Ty\u00f6miehen lauantai<\/p>\n<p>&nbsp;<\/p>\n<p>&nbsp;<\/p>\n<p>&nbsp;<\/p>\n<p><img loading=\"lazy\" decoding=\"async\" class=\"wp-image-878 size-medium alignleft\" src=\"https:\/\/finslot.net\/tumppi\/wp-content\/uploads\/2021\/10\/Panda_POP_sarja_100_kuvaa-Irwin_Goodman_Tyomiehen_Lauantai-197x300.jpg\" alt=\"\" width=\"197\" height=\"300\" srcset=\"https:\/\/finslot.net\/tumppi\/wp-content\/uploads\/2021\/10\/Panda_POP_sarja_100_kuvaa-Irwin_Goodman_Tyomiehen_Lauantai-197x300.jpg 197w, https:\/\/finslot.net\/tumppi\/wp-content\/uploads\/2021\/10\/Panda_POP_sarja_100_kuvaa-Irwin_Goodman_Tyomiehen_Lauantai-673x1024.jpg 673w, https:\/\/finslot.net\/tumppi\/wp-content\/uploads\/2021\/10\/Panda_POP_sarja_100_kuvaa-Irwin_Goodman_Tyomiehen_Lauantai-768x1168.jpg 768w, https:\/\/finslot.net\/tumppi\/wp-content\/uploads\/2021\/10\/Panda_POP_sarja_100_kuvaa-Irwin_Goodman_Tyomiehen_Lauantai.jpg 961w\" sizes=\"(max-width: 197px) 100vw, 197px\" \/><\/p>\n<p>&nbsp;<\/p>\n<p>Panda POP sarja 100 kuvaa<\/p>\n<p>-Irwin Goodman, Uusi Paavo<\/p>\n<p>&nbsp;<\/p>\n<p>&nbsp;<\/p>\n<p>&nbsp;<\/p>\n<p><img loading=\"lazy\" decoding=\"async\" class=\"wp-image-880 size-medium alignleft\" src=\"https:\/\/finslot.net\/tumppi\/wp-content\/uploads\/2021\/10\/Panda_POP_sarja_100_kuvaa-Irwin_Goodman_Yhteinen_koti-206x300.jpg\" alt=\"\" width=\"206\" height=\"300\" srcset=\"https:\/\/finslot.net\/tumppi\/wp-content\/uploads\/2021\/10\/Panda_POP_sarja_100_kuvaa-Irwin_Goodman_Yhteinen_koti-206x300.jpg 206w, https:\/\/finslot.net\/tumppi\/wp-content\/uploads\/2021\/10\/Panda_POP_sarja_100_kuvaa-Irwin_Goodman_Yhteinen_koti-703x1024.jpg 703w, https:\/\/finslot.net\/tumppi\/wp-content\/uploads\/2021\/10\/Panda_POP_sarja_100_kuvaa-Irwin_Goodman_Yhteinen_koti-768x1118.jpg 768w, https:\/\/finslot.net\/tumppi\/wp-content\/uploads\/2021\/10\/Panda_POP_sarja_100_kuvaa-Irwin_Goodman_Yhteinen_koti.jpg 842w\" sizes=\"(max-width: 206px) 100vw, 206px\" \/><\/p>\n<p>&nbsp;<\/p>\n<p>Panda POP sarja 100 kuvaa<\/p>\n<p>-Irwin Goodman, Yhteinen koti<\/p>\n<p>&nbsp;<\/p>\n<p>&nbsp;<\/p>\n<p>&nbsp;<\/p>\n","protected":false},"excerpt":{"rendered":"<p>N\u00e4m\u00e4 Irwin Goodman aiheiset Pandan purkkakuvasarjat olen kuvannut Timo Rinta-ahon Irwin Goodman kokoelmasta. Pandan POP sarjan ( 68, 70, 100 ) Irwin Goodman purkkakuvakortteja Panda POP sarja 68 kuvaa (2 Irwin aiheista) &nbsp; Panda POP sarja 68 kuvaa -Irwin Goodman, Si si si &nbsp; &nbsp; &nbsp; &nbsp; Panda POP sarja 68 kuvaa -Irwin Goodman, Vain&hellip; <a class=\"more-link\" href=\"https:\/\/finslot.net\/tumppi\/irwin-goodman-purkkakuvat\/\">Jatka lukemista <span class=\"screen-reader-text\">Irwin Goodman purkkakuvat<\/span><\/a><\/p>\n","protected":false},"author":1,"featured_media":1025,"parent":0,"menu_order":0,"comment_status":"closed","ping_status":"closed","template":"","meta":{"footnotes":""},"class_list":["post-687","page","type-page","status-publish","has-post-thumbnail","hentry","entry"],"_links":{"self":[{"href":"https:\/\/finslot.net\/tumppi\/wp-json\/wp\/v2\/pages\/687","targetHints":{"allow":["GET"]}}],"collection":[{"href":"https:\/\/finslot.net\/tumppi\/wp-json\/wp\/v2\/pages"}],"about":[{"href":"https:\/\/finslot.net\/tumppi\/wp-json\/wp\/v2\/types\/page"}],"author":[{"embeddable":true,"href":"https:\/\/finslot.net\/tumppi\/wp-json\/wp\/v2\/users\/1"}],"replies":[{"embeddable":true,"href":"https:\/\/finslot.net\/tumppi\/wp-json\/wp\/v2\/comments?post=687"}],"version-history":[{"count":9,"href":"https:\/\/finslot.net\/tumppi\/wp-json\/wp\/v2\/pages\/687\/revisions"}],"predecessor-version":[{"id":1121,"href":"https:\/\/finslot.net\/tumppi\/wp-json\/wp\/v2\/pages\/687\/revisions\/1121"}],"wp:featuredmedia":[{"embeddable":true,"href":"https:\/\/finslot.net\/tumppi\/wp-json\/wp\/v2\/media\/1025"}],"wp:attachment":[{"href":"https:\/\/finslot.net\/tumppi\/wp-json\/wp\/v2\/media?parent=687"}],"curies":[{"name":"wp","href":"https:\/\/api.w.org\/{rel}","templated":true}]}}